{"id":1035,"date":"2022-04-11T13:45:19","date_gmt":"2022-04-11T11:45:19","guid":{"rendered":"https:\/\/narybke.eu\/?page_id=1035"},"modified":"2023-05-08T15:33:50","modified_gmt":"2023-05-08T13:33:50","slug":"na-rybke-2009r","status":"publish","type":"page","link":"https:\/\/narybke.pl\/index.php\/na-rybke\/galeria\/na-rybke-2009r\/","title":{"rendered":"Na rybk\u0119?? 2009"},"content":{"rendered":"\n<figure class=\"wp-block-gallery aligncenter has-nested-images columns-4 is-cropped wp-block-gallery-1 is-layout-flex wp-block-gallery-is-layout-flex\">\n<figure class=\"wp-block-image size-full size-large\"><a href=\"mototarg-15-03-2009\"><img decoding=\"async\" loading=\"lazy\" width=\"1024\" height=\"681\" data-id=\"1063\" src=\"https:\/\/narybke.pl\/wp-content\/uploads\/2022\/04\/DSC_0590-1024x681.jpg\" alt=\"\" class=\"wp-image-1063\" srcset=\"https:\/\/narybke.pl\/wp-content\/uploads\/2022\/04\/DSC_0590-1024x681.jpg 1024w, https:\/\/narybke.pl\/wp-content\/uploads\/2022\/04\/DSC_0590-300x200.jpg 300w, https:\/\/narybke.pl\/wp-content\/uploads\/2022\/04\/DSC_0590-768x511.jpg 768w, https:\/\/narybke.pl\/wp-content\/uploads\/2022\/04\/DSC_0590-1536x1021.jpg 1536w, https:\/\/narybke.pl\/wp-content\/uploads\/2022\/04\/DSC_0590-1200x798.jpg 1200w, https:\/\/narybke.pl\/wp-content\/uploads\/2022\/04\/DSC_0590.jpg 1600w\" sizes=\"(max-width: 1024px) 100vw, 1024px\" \/><\/a><figcaption class=\"wp-element-caption\"><strong><mark style=\"background-color:rgba(0, 0, 0, 0)\" class=\"has-inline-color has-white-color\">Mototarg 15-03-2009<\/mark><\/strong><\/figcaption><\/figure>\n\n\n\n<figure class=\"wp-block-image size-large\"><a href=\"otwarcie-sezonu-2009-na-rybke-chata-trapera-29-03-2009\"><img decoding=\"async\" loading=\"lazy\" width=\"1024\" height=\"768\" data-id=\"1119\" src=\"https:\/\/narybke.pl\/wp-content\/uploads\/2022\/04\/Uroczyste-otwarcie-sezonu-Na-rybke.jpg\" alt=\"\" class=\"wp-image-1119\" srcset=\"https:\/\/narybke.pl\/wp-content\/uploads\/2022\/04\/Uroczyste-otwarcie-sezonu-Na-rybke.jpg 1024w, https:\/\/narybke.pl\/wp-content\/uploads\/2022\/04\/Uroczyste-otwarcie-sezonu-Na-rybke-300x225.jpg 300w, https:\/\/narybke.pl\/wp-content\/uploads\/2022\/04\/Uroczyste-otwarcie-sezonu-Na-rybke-768x576.jpg 768w\" sizes=\"(max-width: 1024px) 100vw, 1024px\" \/><\/a><figcaption class=\"wp-element-caption\"><strong><mark style=\"background-color:rgba(0, 0, 0, 0)\" class=\"has-inline-color has-white-color\">Otwarcie sezonu 2009 &#8211; Na rybk\u0119?? &#8211; Chata Trapera 29-03-2009<\/mark><\/strong><\/figcaption><\/figure>\n\n\n\n<figure class=\"wp-block-image size-large\"><a href=\"prima-aprilis-01-04-2009\"><img decoding=\"async\" loading=\"lazy\" width=\"640\" height=\"427\" data-id=\"1133\" src=\"https:\/\/narybke.pl\/wp-content\/uploads\/2022\/04\/00-169.jpg\" alt=\"\" class=\"wp-image-1133\" srcset=\"https:\/\/narybke.pl\/wp-content\/uploads\/2022\/04\/00-169.jpg 640w, https:\/\/narybke.pl\/wp-content\/uploads\/2022\/04\/00-169-300x200.jpg 300w\" sizes=\"(max-width: 640px) 100vw, 640px\" \/><\/a><figcaption class=\"wp-element-caption\"><strong><mark style=\"background-color:rgba(0, 0, 0, 0)\" class=\"has-inline-color has-white-color\">Prima aprilis 01-04-2009<\/mark><\/strong><\/figcaption><\/figure>\n\n\n\n<figure class=\"wp-block-image size-large\"><a href=\"brama-ostrolecka-twierdza-modlin-08-04-2009\"><img decoding=\"async\" loading=\"lazy\" width=\"1024\" height=\"681\" data-id=\"2620\" src=\"https:\/\/narybke.pl\/wp-content\/uploads\/2022\/04\/DSC_0287-1024x681.jpg\" alt=\"\" class=\"wp-image-2620\" srcset=\"https:\/\/narybke.pl\/wp-content\/uploads\/2022\/04\/DSC_0287-1024x681.jpg 1024w, https:\/\/narybke.pl\/wp-content\/uploads\/2022\/04\/DSC_0287-300x200.jpg 300w, https:\/\/narybke.pl\/wp-content\/uploads\/2022\/04\/DSC_0287-768x511.jpg 768w, https:\/\/narybke.pl\/wp-content\/uploads\/2022\/04\/DSC_0287-1536x1021.jpg 1536w, https:\/\/narybke.pl\/wp-content\/uploads\/2022\/04\/DSC_0287-1200x798.jpg 1200w, https:\/\/narybke.pl\/wp-content\/uploads\/2022\/04\/DSC_0287.jpg 1600w\" sizes=\"(max-width: 1024px) 100vw, 1024px\" \/><\/a><figcaption class=\"wp-element-caption\"><strong><mark style=\"background-color:rgba(0, 0, 0, 0)\" class=\"has-inline-color has-white-color\">Brama Ostro\u0142\u0119cka \u2013 Twierdza Modlin 08-04-2009<\/mark><\/strong><\/figcaption><\/figure>\n\n\n\n<figure class=\"wp-block-image size-large\"><a href=\"coniew-15-04-2009\"><img decoding=\"async\" loading=\"lazy\" width=\"640\" height=\"480\" data-id=\"1372\" src=\"https:\/\/narybke.pl\/wp-content\/uploads\/2022\/04\/15042009-209.jpg\" alt=\"\" class=\"wp-image-1372\" srcset=\"https:\/\/narybke.pl\/wp-content\/uploads\/2022\/04\/15042009-209.jpg 640w, https:\/\/narybke.pl\/wp-content\/uploads\/2022\/04\/15042009-209-300x225.jpg 300w\" sizes=\"(max-width: 640px) 100vw, 640px\" \/><\/a><figcaption class=\"wp-element-caption\"><strong><mark style=\"background-color:rgba(0, 0, 0, 0)\" class=\"has-inline-color has-white-color\">Coniew 15-04-2009<\/mark><\/strong><\/figcaption><\/figure>\n\n\n\n<figure class=\"wp-block-image size-large\"><a href=\"zlot-gwiazdzisty-czestochowa-19-04-2009\"><img decoding=\"async\" loading=\"lazy\" width=\"988\" height=\"560\" data-id=\"6986\" src=\"https:\/\/narybke.pl\/wp-content\/uploads\/2022\/05\/Screenshot-2022-05-27-at-18-18-14-20.05.2009-Na-rybke-knajpa-Osada.png\" alt=\"\" class=\"wp-image-6986\" srcset=\"https:\/\/narybke.pl\/wp-content\/uploads\/2022\/05\/Screenshot-2022-05-27-at-18-18-14-20.05.2009-Na-rybke-knajpa-Osada.png 988w, https:\/\/narybke.pl\/wp-content\/uploads\/2022\/05\/Screenshot-2022-05-27-at-18-18-14-20.05.2009-Na-rybke-knajpa-Osada-600x340.png 600w, https:\/\/narybke.pl\/wp-content\/uploads\/2022\/05\/Screenshot-2022-05-27-at-18-18-14-20.05.2009-Na-rybke-knajpa-Osada-768x435.png 768w\" sizes=\"(max-width: 988px) 100vw, 988px\" \/><\/a><figcaption class=\"wp-element-caption\"><strong><mark style=\"background-color:rgba(0, 0, 0, 0)\" class=\"has-inline-color has-white-color\">Zlot Gwia\u017adzisty &#8211; Cz\u0119stochowa 19-04-2009<\/mark><\/strong><\/figcaption><\/figure>\n\n\n\n<figure class=\"wp-block-image size-large\"><a href=\"serock-22-04-2009\"><img decoding=\"async\" loading=\"lazy\" width=\"640\" height=\"480\" data-id=\"1427\" src=\"https:\/\/narybke.pl\/wp-content\/uploads\/2022\/04\/22042009-212.jpg\" alt=\"\" class=\"wp-image-1427\" srcset=\"https:\/\/narybke.pl\/wp-content\/uploads\/2022\/04\/22042009-212.jpg 640w, https:\/\/narybke.pl\/wp-content\/uploads\/2022\/04\/22042009-212-300x225.jpg 300w\" sizes=\"(max-width: 640px) 100vw, 640px\" \/><\/a><figcaption class=\"wp-element-caption\"><strong><mark style=\"background-color:rgba(0, 0, 0, 0)\" class=\"has-inline-color has-white-color\">Serock 22-04-2009<\/mark><\/strong><\/figcaption><\/figure>\n\n\n\n<figure class=\"wp-block-image size-large\"><a href=\"otwarcie-sezonu-na-bemowie-26-04-2009\"><img decoding=\"async\" loading=\"lazy\" width=\"966\" height=\"664\" data-id=\"6972\" src=\"https:\/\/narybke.pl\/wp-content\/uploads\/2022\/05\/Screenshot-2022-05-27-at-17-46-57-20.05.2009-Na-rybke-knajpa-Osada.png\" alt=\"\" class=\"wp-image-6972\" srcset=\"https:\/\/narybke.pl\/wp-content\/uploads\/2022\/05\/Screenshot-2022-05-27-at-17-46-57-20.05.2009-Na-rybke-knajpa-Osada.png 966w, https:\/\/narybke.pl\/wp-content\/uploads\/2022\/05\/Screenshot-2022-05-27-at-17-46-57-20.05.2009-Na-rybke-knajpa-Osada-600x412.png 600w, https:\/\/narybke.pl\/wp-content\/uploads\/2022\/05\/Screenshot-2022-05-27-at-17-46-57-20.05.2009-Na-rybke-knajpa-Osada-768x528.png 768w\" sizes=\"(max-width: 966px) 100vw, 966px\" \/><\/a><figcaption class=\"wp-element-caption\"><strong><mark style=\"background-color:rgba(0, 0, 0, 0)\" class=\"has-inline-color has-white-color\">Otwarcie sezonu na Bemowie 26-04-2009<\/mark><\/strong><\/figcaption><\/figure>\n\n\n\n<figure class=\"wp-block-image size-large\"><a href=\"wsciekle-losie-15-05-2009\"><img decoding=\"async\" loading=\"lazy\" width=\"1024\" height=\"768\" data-id=\"403\" src=\"https:\/\/narybke.pl\/wp-content\/uploads\/2022\/04\/DSC00366-1024x768.jpg\" alt=\"\" class=\"wp-image-403\" srcset=\"https:\/\/narybke.pl\/wp-content\/uploads\/2022\/04\/DSC00366-1024x768.jpg 1024w, https:\/\/narybke.pl\/wp-content\/uploads\/2022\/04\/DSC00366-300x225.jpg 300w, https:\/\/narybke.pl\/wp-content\/uploads\/2022\/04\/DSC00366-768x576.jpg 768w, https:\/\/narybke.pl\/wp-content\/uploads\/2022\/04\/DSC00366-1536x1152.jpg 1536w, https:\/\/narybke.pl\/wp-content\/uploads\/2022\/04\/DSC00366-2048x1536.jpg 2048w, https:\/\/narybke.pl\/wp-content\/uploads\/2022\/04\/DSC00366-1200x900.jpg 1200w, https:\/\/narybke.pl\/wp-content\/uploads\/2022\/04\/DSC00366-1980x1485.jpg 1980w\" sizes=\"(max-width: 1024px) 100vw, 1024px\" \/><\/a><figcaption class=\"wp-element-caption\"><strong><mark style=\"background-color:rgba(0, 0, 0, 0)\" class=\"has-inline-color has-white-color\">W\u015bciek\u0142e \u0141osie  15-05-2009<\/mark><\/strong><\/figcaption><\/figure>\n\n\n\n<figure class=\"wp-block-image size-large\"><a href=\"osada-20-05-2009\"><img decoding=\"async\" loading=\"lazy\" width=\"984\" height=\"685\" data-id=\"6956\" src=\"https:\/\/narybke.pl\/wp-content\/uploads\/2022\/05\/Screenshot-2022-05-27-at-16-07-56-20.05.2009-Na-rybke-knajpa-Osada.png\" alt=\"\" class=\"wp-image-6956\" srcset=\"https:\/\/narybke.pl\/wp-content\/uploads\/2022\/05\/Screenshot-2022-05-27-at-16-07-56-20.05.2009-Na-rybke-knajpa-Osada.png 984w, https:\/\/narybke.pl\/wp-content\/uploads\/2022\/05\/Screenshot-2022-05-27-at-16-07-56-20.05.2009-Na-rybke-knajpa-Osada-600x418.png 600w, https:\/\/narybke.pl\/wp-content\/uploads\/2022\/05\/Screenshot-2022-05-27-at-16-07-56-20.05.2009-Na-rybke-knajpa-Osada-768x535.png 768w\" sizes=\"(max-width: 984px) 100vw, 984px\" \/><\/a><figcaption class=\"wp-element-caption\"><strong><mark style=\"background-color:rgba(0, 0, 0, 0)\" class=\"has-inline-color has-white-color\">Osada 20-05-2009<\/mark><\/strong><\/figcaption><\/figure>\n\n\n\n<figure class=\"wp-block-image size-large\"><a href=\"t-love-w-chacie-trapera-24-07-2009\"><img decoding=\"async\" loading=\"lazy\" width=\"1024\" height=\"681\" data-id=\"4343\" src=\"https:\/\/narybke.pl\/wp-content\/uploads\/2022\/04\/DSC_0684-1-1024x681.jpg\" alt=\"\" class=\"wp-image-4343\" srcset=\"https:\/\/narybke.pl\/wp-content\/uploads\/2022\/04\/DSC_0684-1-1024x681.jpg 1024w, https:\/\/narybke.pl\/wp-content\/uploads\/2022\/04\/DSC_0684-1-600x399.jpg 600w, https:\/\/narybke.pl\/wp-content\/uploads\/2022\/04\/DSC_0684-1-768x511.jpg 768w, https:\/\/narybke.pl\/wp-content\/uploads\/2022\/04\/DSC_0684-1-1536x1021.jpg 1536w, https:\/\/narybke.pl\/wp-content\/uploads\/2022\/04\/DSC_0684-1.jpg 1600w\" sizes=\"(max-width: 1024px) 100vw, 1024px\" \/><\/a><figcaption class=\"wp-element-caption\"><strong><mark style=\"background-color:rgba(0, 0, 0, 0)\" class=\"has-inline-color has-white-color\">T.Love w Chacie Trapera 24-05-2009<\/mark><\/strong><\/figcaption><\/figure>\n\n\n\n<figure class=\"wp-block-image size-large\"><a href=\"grill-u-bartheza-czersk-03-06-2009\"><img decoding=\"async\" loading=\"lazy\" width=\"1024\" height=\"768\" data-id=\"2487\" src=\"https:\/\/narybke.pl\/wp-content\/uploads\/2022\/04\/grill-192-1024x768.jpg\" alt=\"\" class=\"wp-image-2487\" srcset=\"https:\/\/narybke.pl\/wp-content\/uploads\/2022\/04\/grill-192-1024x768.jpg 1024w, https:\/\/narybke.pl\/wp-content\/uploads\/2022\/04\/grill-192-300x225.jpg 300w, https:\/\/narybke.pl\/wp-content\/uploads\/2022\/04\/grill-192-768x576.jpg 768w, https:\/\/narybke.pl\/wp-content\/uploads\/2022\/04\/grill-192-1536x1152.jpg 1536w, https:\/\/narybke.pl\/wp-content\/uploads\/2022\/04\/grill-192-2048x1536.jpg 2048w, https:\/\/narybke.pl\/wp-content\/uploads\/2022\/04\/grill-192-1200x900.jpg 1200w, https:\/\/narybke.pl\/wp-content\/uploads\/2022\/04\/grill-192-1980x1485.jpg 1980w\" sizes=\"(max-width: 1024px) 100vw, 1024px\" \/><\/a><figcaption class=\"wp-element-caption\"><strong><mark style=\"background-color:rgba(0, 0, 0, 0)\" class=\"has-inline-color has-white-color\">Grill u Bartheza &#8211; Czersk  03-06-2009<\/mark><\/strong><\/figcaption><\/figure>\n\n\n\n<figure class=\"wp-block-image size-large\"><a href=\"sidney-polak-w-chacie-trapera-14-06-2009\"><img decoding=\"async\" loading=\"lazy\" width=\"1024\" height=\"768\" data-id=\"1180\" src=\"https:\/\/narybke.pl\/wp-content\/uploads\/2022\/04\/DSC01294-1024x768.jpg\" alt=\"\" class=\"wp-image-1180\" srcset=\"https:\/\/narybke.pl\/wp-content\/uploads\/2022\/04\/DSC01294-1024x768.jpg 1024w, https:\/\/narybke.pl\/wp-content\/uploads\/2022\/04\/DSC01294-300x225.jpg 300w, https:\/\/narybke.pl\/wp-content\/uploads\/2022\/04\/DSC01294-768x576.jpg 768w, https:\/\/narybke.pl\/wp-content\/uploads\/2022\/04\/DSC01294-1536x1152.jpg 1536w, https:\/\/narybke.pl\/wp-content\/uploads\/2022\/04\/DSC01294-2048x1536.jpg 2048w, https:\/\/narybke.pl\/wp-content\/uploads\/2022\/04\/DSC01294-1200x900.jpg 1200w, https:\/\/narybke.pl\/wp-content\/uploads\/2022\/04\/DSC01294-1980x1485.jpg 1980w\" sizes=\"(max-width: 1024px) 100vw, 1024px\" \/><\/a><figcaption class=\"wp-element-caption\"><strong><mark style=\"background-color:rgba(0, 0, 0, 0)\" class=\"has-inline-color has-white-color\">Sidney Polak w Chacie Trapera 14-06-2009<\/mark><\/strong><\/figcaption><\/figure>\n\n\n\n<figure class=\"wp-block-image size-large\"><a href=\"restauracja-mazowsze-wiazowna-17-06-2009\"><img decoding=\"async\" loading=\"lazy\" width=\"640\" height=\"585\" data-id=\"1545\" src=\"https:\/\/narybke.pl\/wp-content\/uploads\/2022\/04\/00-439.jpg\" alt=\"\" class=\"wp-image-1545\" srcset=\"https:\/\/narybke.pl\/wp-content\/uploads\/2022\/04\/00-439.jpg 640w, https:\/\/narybke.pl\/wp-content\/uploads\/2022\/04\/00-439-300x274.jpg 300w\" sizes=\"(max-width: 640px) 100vw, 640px\" \/><\/a><figcaption class=\"wp-element-caption\"><strong><mark style=\"background-color:rgba(0, 0, 0, 0)\" class=\"has-inline-color has-white-color\">Restauracja Mazowsze &#8211; Wi\u0105zowna 17-06-2009<\/mark><\/strong><\/figcaption><\/figure>\n\n\n\n<figure class=\"wp-block-image size-large\"><a href=\"grill-u-bartheza-czersk-01-07-2009\"><img decoding=\"async\" loading=\"lazy\" width=\"768\" height=\"1024\" data-id=\"2857\" src=\"https:\/\/narybke.pl\/wp-content\/uploads\/2022\/04\/0-212-768x1024.jpg\" alt=\"\" class=\"wp-image-2857\" srcset=\"https:\/\/narybke.pl\/wp-content\/uploads\/2022\/04\/0-212-768x1024.jpg 768w, https:\/\/narybke.pl\/wp-content\/uploads\/2022\/04\/0-212-225x300.jpg 225w, https:\/\/narybke.pl\/wp-content\/uploads\/2022\/04\/0-212-1152x1536.jpg 1152w, https:\/\/narybke.pl\/wp-content\/uploads\/2022\/04\/0-212-1536x2048.jpg 1536w, https:\/\/narybke.pl\/wp-content\/uploads\/2022\/04\/0-212-1200x1600.jpg 1200w, https:\/\/narybke.pl\/wp-content\/uploads\/2022\/04\/0-212-1980x2640.jpg 1980w, https:\/\/narybke.pl\/wp-content\/uploads\/2022\/04\/0-212-scaled.jpg 1920w\" sizes=\"(max-width: 768px) 100vw, 768px\" \/><\/a><figcaption class=\"wp-element-caption\"><strong><mark style=\"background-color:rgba(0, 0, 0, 0)\" class=\"has-inline-color has-white-color\">Grill u Bartheza &#8211; Czersk  01-07-2009<\/mark><\/strong><\/figcaption><\/figure>\n\n\n\n<figure class=\"wp-block-image size-large\"><a href=\"xiii-zlot-v-boyen-gizycko-06-09-08-2009\"><img decoding=\"async\" loading=\"lazy\" width=\"1024\" height=\"768\" data-id=\"1280\" src=\"https:\/\/narybke.pl\/wp-content\/uploads\/2022\/04\/CIMG1090-1024x768.jpg\" alt=\"\" class=\"wp-image-1280\" srcset=\"https:\/\/narybke.pl\/wp-content\/uploads\/2022\/04\/CIMG1090-1024x768.jpg 1024w, https:\/\/narybke.pl\/wp-content\/uploads\/2022\/04\/CIMG1090-300x225.jpg 300w, https:\/\/narybke.pl\/wp-content\/uploads\/2022\/04\/CIMG1090-768x576.jpg 768w, https:\/\/narybke.pl\/wp-content\/uploads\/2022\/04\/CIMG1090-1536x1152.jpg 1536w, https:\/\/narybke.pl\/wp-content\/uploads\/2022\/04\/CIMG1090-1200x900.jpg 1200w, https:\/\/narybke.pl\/wp-content\/uploads\/2022\/04\/CIMG1090.jpg 1600w\" sizes=\"(max-width: 1024px) 100vw, 1024px\" \/><\/a><figcaption class=\"wp-element-caption\"><strong><mark style=\"background-color:rgba(0, 0, 0, 0)\" class=\"has-inline-color has-white-color\">XIII Zlot V-Boyen Gi\u017cycko 30-07-02-08-2009<\/mark><\/strong><\/figcaption><\/figure>\n\n\n\n<figure class=\"wp-block-image size-large\"><a href=\"u-ewwki-i-rafiego-kretowiny-14-16-08-2009\"><img decoding=\"async\" loading=\"lazy\" width=\"640\" height=\"430\" data-id=\"6419\" src=\"https:\/\/narybke.pl\/wp-content\/uploads\/2022\/05\/DSC_0698.jpg\" alt=\"\" class=\"wp-image-6419\" srcset=\"https:\/\/narybke.pl\/wp-content\/uploads\/2022\/05\/DSC_0698.jpg 640w, https:\/\/narybke.pl\/wp-content\/uploads\/2022\/05\/DSC_0698-600x403.jpg 600w\" sizes=\"(max-width: 640px) 100vw, 640px\" \/><\/a><figcaption class=\"wp-element-caption\"><strong><mark style=\"background-color:rgba(0, 0, 0, 0)\" class=\"has-inline-color has-white-color\">U Ewwki i Rafiego &#8211; Kretowiny 14-16-08-2009<\/mark><\/strong><\/figcaption><\/figure>\n\n\n\n<figure class=\"wp-block-image size-large\"><a href=\"rock-out-festiwal-bemowo-23-08-2009\"><img decoding=\"async\" loading=\"lazy\" width=\"1004\" height=\"580\" data-id=\"6965\" src=\"https:\/\/narybke.pl\/wp-content\/uploads\/2022\/05\/Screenshot-2022-05-27-at-16-35-23-20.05.2009-Na-rybke-knajpa-Osada.png\" alt=\"\" class=\"wp-image-6965\" srcset=\"https:\/\/narybke.pl\/wp-content\/uploads\/2022\/05\/Screenshot-2022-05-27-at-16-35-23-20.05.2009-Na-rybke-knajpa-Osada.png 1004w, https:\/\/narybke.pl\/wp-content\/uploads\/2022\/05\/Screenshot-2022-05-27-at-16-35-23-20.05.2009-Na-rybke-knajpa-Osada-600x347.png 600w, https:\/\/narybke.pl\/wp-content\/uploads\/2022\/05\/Screenshot-2022-05-27-at-16-35-23-20.05.2009-Na-rybke-knajpa-Osada-768x444.png 768w\" sizes=\"(max-width: 1004px) 100vw, 1004px\" \/><\/a><figcaption class=\"wp-element-caption\"><strong><mark style=\"background-color:rgba(0, 0, 0, 0)\" class=\"has-inline-color has-white-color\">Rock Out Festiwal &#8211; Bemowo 23-08-2009<\/mark><\/strong><\/figcaption><\/figure>\n\n\n\n<figure class=\"wp-block-image size-large\"><a href=\"wesola-oberza-03-09-2009\"><img decoding=\"async\" loading=\"lazy\" width=\"881\" height=\"535\" data-id=\"6979\" src=\"https:\/\/narybke.pl\/wp-content\/uploads\/2022\/05\/Screenshot-2022-05-27-at-18-05-16-20.05.2009-Na-rybke-knajpa-Osada.png\" alt=\"\" class=\"wp-image-6979\" srcset=\"https:\/\/narybke.pl\/wp-content\/uploads\/2022\/05\/Screenshot-2022-05-27-at-18-05-16-20.05.2009-Na-rybke-knajpa-Osada.png 881w, https:\/\/narybke.pl\/wp-content\/uploads\/2022\/05\/Screenshot-2022-05-27-at-18-05-16-20.05.2009-Na-rybke-knajpa-Osada-600x364.png 600w, https:\/\/narybke.pl\/wp-content\/uploads\/2022\/05\/Screenshot-2022-05-27-at-18-05-16-20.05.2009-Na-rybke-knajpa-Osada-768x466.png 768w\" sizes=\"(max-width: 881px) 100vw, 881px\" \/><\/a><figcaption class=\"wp-element-caption\"><strong><mark style=\"background-color:rgba(0, 0, 0, 0)\" class=\"has-inline-color has-white-color\">Weso\u0142a Ober\u017ca 03-09-2009<\/mark><\/strong><\/figcaption><\/figure>\n\n\n\n<figure class=\"wp-block-image size-large\"><a href=\"rybakowka-16-09-2009\"><img decoding=\"async\" loading=\"lazy\" width=\"1024\" height=\"768\" data-id=\"3187\" src=\"https:\/\/narybke.pl\/wp-content\/uploads\/2022\/04\/0-223-1-1024x768.jpg\" alt=\"\" class=\"wp-image-3187\" srcset=\"https:\/\/narybke.pl\/wp-content\/uploads\/2022\/04\/0-223-1-1024x768.jpg 1024w, https:\/\/narybke.pl\/wp-content\/uploads\/2022\/04\/0-223-1-300x225.jpg 300w, https:\/\/narybke.pl\/wp-content\/uploads\/2022\/04\/0-223-1-768x576.jpg 768w, https:\/\/narybke.pl\/wp-content\/uploads\/2022\/04\/0-223-1-1536x1152.jpg 1536w, https:\/\/narybke.pl\/wp-content\/uploads\/2022\/04\/0-223-1-2048x1536.jpg 2048w, https:\/\/narybke.pl\/wp-content\/uploads\/2022\/04\/0-223-1-1200x900.jpg 1200w, https:\/\/narybke.pl\/wp-content\/uploads\/2022\/04\/0-223-1-1980x1485.jpg 1980w\" sizes=\"(max-width: 1024px) 100vw, 1024px\" \/><\/a><figcaption class=\"wp-element-caption\"><strong><mark style=\"background-color:rgba(0, 0, 0, 0)\" class=\"has-inline-color has-white-color\">Rybak\u00f3wka 16-09-2009<\/mark><\/strong><\/figcaption><\/figure>\n\n\n\n<figure class=\"wp-block-image size-large\"><a href=\"drewniana-chata-nadarzyn-23-09-2009\"><img decoding=\"async\" loading=\"lazy\" width=\"640\" height=\"480\" data-id=\"1681\" src=\"https:\/\/narybke.pl\/wp-content\/uploads\/2022\/04\/0-116.jpg\" alt=\"\" class=\"wp-image-1681\" srcset=\"https:\/\/narybke.pl\/wp-content\/uploads\/2022\/04\/0-116.jpg 640w, https:\/\/narybke.pl\/wp-content\/uploads\/2022\/04\/0-116-300x225.jpg 300w\" sizes=\"(max-width: 640px) 100vw, 640px\" \/><\/a><figcaption class=\"wp-element-caption\"><strong><mark style=\"background-color:rgba(0, 0, 0, 0)\" class=\"has-inline-color has-white-color\">Karczma Le\u015bnicz\u00f3wka \u2013 Nadarzyn 23-09-2009<\/mark><\/strong><\/figcaption><\/figure>\n\n\n\n<figure class=\"wp-block-image size-large\"><a href=\"chata-trapera-26-09-2009\"><img decoding=\"async\" loading=\"lazy\" width=\"640\" height=\"360\" data-id=\"3390\" src=\"https:\/\/narybke.pl\/wp-content\/uploads\/2022\/04\/DSC03895.jpg\" alt=\"\" class=\"wp-image-3390\" srcset=\"https:\/\/narybke.pl\/wp-content\/uploads\/2022\/04\/DSC03895.jpg 640w, https:\/\/narybke.pl\/wp-content\/uploads\/2022\/04\/DSC03895-300x169.jpg 300w\" sizes=\"(max-width: 640px) 100vw, 640px\" \/><\/a><figcaption class=\"wp-element-caption\"><strong><mark style=\"background-color:rgba(0, 0, 0, 0)\" class=\"has-inline-color has-white-color\">Chata Trapera 26-09-2009<\/mark><\/strong><\/figcaption><\/figure>\n\n\n\n<figure class=\"wp-block-image size-large\"><a href=\"borki-03-10-2009\"><img decoding=\"async\" loading=\"lazy\" width=\"1024\" height=\"768\" data-id=\"6510\" src=\"https:\/\/narybke.pl\/wp-content\/uploads\/2022\/05\/IMGP0069.jpg\" alt=\"\" class=\"wp-image-6510\" srcset=\"https:\/\/narybke.pl\/wp-content\/uploads\/2022\/05\/IMGP0069.jpg 1024w, https:\/\/narybke.pl\/wp-content\/uploads\/2022\/05\/IMGP0069-600x450.jpg 600w, https:\/\/narybke.pl\/wp-content\/uploads\/2022\/05\/IMGP0069-768x576.jpg 768w\" sizes=\"(max-width: 1024px) 100vw, 1024px\" \/><\/a><figcaption class=\"wp-element-caption\"><strong><mark style=\"background-color:rgba(0, 0, 0, 0)\" class=\"has-inline-color has-white-color\">Borki 03-10-2009<\/mark><\/strong><\/figcaption><\/figure>\n<\/figure>\n","protected":false},"excerpt":{"rendered":"","protected":false},"author":1,"featured_media":0,"parent":1021,"menu_order":0,"comment_status":"closed","ping_status":"closed","template":"","meta":{"footnotes":""},"_links":{"self":[{"href":"https:\/\/narybke.pl\/index.php\/wp-json\/wp\/v2\/pages\/1035"}],"collection":[{"href":"https:\/\/narybke.pl\/index.php\/wp-json\/wp\/v2\/pages"}],"about":[{"href":"https:\/\/narybke.pl\/index.php\/wp-json\/wp\/v2\/types\/page"}],"author":[{"embeddable":true,"href":"https:\/\/narybke.pl\/index.php\/wp-json\/wp\/v2\/users\/1"}],"replies":[{"embeddable":true,"href":"https:\/\/narybke.pl\/index.php\/wp-json\/wp\/v2\/comments?post=1035"}],"version-history":[{"count":28,"href":"https:\/\/narybke.pl\/index.php\/wp-json\/wp\/v2\/pages\/1035\/revisions"}],"predecessor-version":[{"id":11370,"href":"https:\/\/narybke.pl\/index.php\/wp-json\/wp\/v2\/pages\/1035\/revisions\/11370"}],"up":[{"embeddable":true,"href":"https:\/\/narybke.pl\/index.php\/wp-json\/wp\/v2\/pages\/1021"}],"wp:attachment":[{"href":"https:\/\/narybke.pl\/index.php\/wp-json\/wp\/v2\/media?parent=1035"}],"curies":[{"name":"wp","href":"https:\/\/api.w.org\/{rel}","templated":true}]}}