{"id":1787,"date":"2022-04-13T01:37:14","date_gmt":"2022-04-12T23:37:14","guid":{"rendered":"https:\/\/narybke.eu\/?page_id=1787"},"modified":"2023-05-08T16:17:59","modified_gmt":"2023-05-08T14:17:59","slug":"na-rybke-2010","status":"publish","type":"page","link":"https:\/\/narybke.pl\/index.php\/na-rybke\/galeria\/na-rybke-2010\/","title":{"rendered":"Na rybk\u0119?? 2010"},"content":{"rendered":"\n<figure class=\"wp-block-gallery aligncenter has-nested-images columns-4 is-cropped wp-block-gallery-1 is-layout-flex wp-block-gallery-is-layout-flex\">\n<figure class=\"wp-block-image size-large\"><a href=\"zielona-ges-06-01-2010\"><img decoding=\"async\" loading=\"lazy\" width=\"720\" height=\"478\" data-id=\"3505\" src=\"https:\/\/narybke.pl\/wp-content\/uploads\/2022\/04\/wigi6.jpg\" alt=\"\" class=\"wp-image-3505\" srcset=\"https:\/\/narybke.pl\/wp-content\/uploads\/2022\/04\/wigi6.jpg 720w, https:\/\/narybke.pl\/wp-content\/uploads\/2022\/04\/wigi6-300x199.jpg 300w\" sizes=\"(max-width: 720px) 100vw, 720px\" \/><\/a><figcaption class=\"wp-element-caption\"><strong>Zielona G\u0119\u015b 06-01-2010<\/strong><\/figcaption><\/figure>\n\n\n\n<figure class=\"wp-block-image size-large\"><a href=\"na-rybke-21-04-2010\"><img decoding=\"async\" loading=\"lazy\" width=\"1024\" height=\"768\" data-id=\"1737\" src=\"https:\/\/narybke.pl\/wp-content\/uploads\/2022\/04\/DSCN0604.jpg\" alt=\"\" class=\"wp-image-1737\" srcset=\"https:\/\/narybke.pl\/wp-content\/uploads\/2022\/04\/DSCN0604.jpg 1024w, https:\/\/narybke.pl\/wp-content\/uploads\/2022\/04\/DSCN0604-300x225.jpg 300w, https:\/\/narybke.pl\/wp-content\/uploads\/2022\/04\/DSCN0604-768x576.jpg 768w\" sizes=\"(max-width: 1024px) 100vw, 1024px\" \/><\/a><figcaption class=\"wp-element-caption\"><strong>Na rybk\u0119?? 21-04-2010<\/strong><\/figcaption><\/figure>\n\n\n\n<figure class=\"wp-block-image size-large\"><a href=\"stary-mlyn-12-05-2010\"><img decoding=\"async\" loading=\"lazy\" width=\"640\" height=\"480\" data-id=\"4390\" src=\"https:\/\/narybke.pl\/wp-content\/uploads\/2022\/04\/Na-rybke-504.jpg\" alt=\"\" class=\"wp-image-4390\" srcset=\"https:\/\/narybke.pl\/wp-content\/uploads\/2022\/04\/Na-rybke-504.jpg 640w, https:\/\/narybke.pl\/wp-content\/uploads\/2022\/04\/Na-rybke-504-600x450.jpg 600w\" sizes=\"(max-width: 640px) 100vw, 640px\" \/><\/a><figcaption class=\"wp-element-caption\"><strong>Stary M\u0142yn 12-05-2010<\/strong><\/figcaption><\/figure>\n\n\n\n<figure class=\"wp-block-image size-large\"><a href=\"wsciekle-losie-15-05-2010\"><img decoding=\"async\" loading=\"lazy\" width=\"1024\" height=\"768\" data-id=\"1753\" src=\"https:\/\/narybke.pl\/wp-content\/uploads\/2022\/04\/DSC01306-1-1024x768.jpg\" alt=\"\" class=\"wp-image-1753\" srcset=\"https:\/\/narybke.pl\/wp-content\/uploads\/2022\/04\/DSC01306-1-1024x768.jpg 1024w, https:\/\/narybke.pl\/wp-content\/uploads\/2022\/04\/DSC01306-1-300x225.jpg 300w, https:\/\/narybke.pl\/wp-content\/uploads\/2022\/04\/DSC01306-1-768x576.jpg 768w, https:\/\/narybke.pl\/wp-content\/uploads\/2022\/04\/DSC01306-1-1536x1152.jpg 1536w, https:\/\/narybke.pl\/wp-content\/uploads\/2022\/04\/DSC01306-1-2048x1536.jpg 2048w, https:\/\/narybke.pl\/wp-content\/uploads\/2022\/04\/DSC01306-1-1200x900.jpg 1200w, https:\/\/narybke.pl\/wp-content\/uploads\/2022\/04\/DSC01306-1-1980x1485.jpg 1980w\" sizes=\"(max-width: 1024px) 100vw, 1024px\" \/><\/a><figcaption class=\"wp-element-caption\"><strong>W\u015bciek\u0142e \u0141osie 15-05-2010<\/strong><\/figcaption><\/figure>\n\n\n\n<figure class=\"wp-block-image size-large\"><a href=\"karczma-lesniczowka-nadarzyn-26-05-2010\"><img decoding=\"async\" loading=\"lazy\" width=\"640\" height=\"500\" data-id=\"1829\" src=\"https:\/\/narybke.pl\/wp-content\/uploads\/2022\/04\/rybka-26052010-160.jpg\" alt=\"\" class=\"wp-image-1829\" srcset=\"https:\/\/narybke.pl\/wp-content\/uploads\/2022\/04\/rybka-26052010-160.jpg 640w, https:\/\/narybke.pl\/wp-content\/uploads\/2022\/04\/rybka-26052010-160-300x234.jpg 300w\" sizes=\"(max-width: 640px) 100vw, 640px\" \/><\/a><figcaption class=\"wp-element-caption\"><strong>Karczma Le\u015bnicz\u00f3wka &#8211; Nadarzyn 26-05-2010<\/strong><\/figcaption><\/figure>\n\n\n\n<figure class=\"wp-block-image size-large\"><a href=\"grill-u-bartheza-czersk-30-06-2010\"><img decoding=\"async\" loading=\"lazy\" width=\"1024\" height=\"680\" data-id=\"5118\" src=\"https:\/\/narybke.pl\/wp-content\/uploads\/2022\/05\/DSC_2344-1-1024x680.jpg\" alt=\"\" class=\"wp-image-5118\" srcset=\"https:\/\/narybke.pl\/wp-content\/uploads\/2022\/05\/DSC_2344-1-1024x680.jpg 1024w, https:\/\/narybke.pl\/wp-content\/uploads\/2022\/05\/DSC_2344-1-600x399.jpg 600w, https:\/\/narybke.pl\/wp-content\/uploads\/2022\/05\/DSC_2344-1-768x510.jpg 768w, https:\/\/narybke.pl\/wp-content\/uploads\/2022\/05\/DSC_2344-1-1536x1020.jpg 1536w, https:\/\/narybke.pl\/wp-content\/uploads\/2022\/05\/DSC_2344-1-2048x1360.jpg 2048w\" sizes=\"(max-width: 1024px) 100vw, 1024px\" \/><\/a><figcaption class=\"wp-element-caption\"><strong>Grill u Bartheza-Czersk 30-06-2010<\/strong><\/figcaption><\/figure>\n\n\n\n<figure class=\"wp-block-image size-large\"><a href=\"country-club-14-07-2010\"><img decoding=\"async\" loading=\"lazy\" width=\"1024\" height=\"576\" data-id=\"1911\" src=\"https:\/\/narybke.pl\/wp-content\/uploads\/2022\/04\/DSC09780-1024x576.jpg\" alt=\"\" class=\"wp-image-1911\" srcset=\"https:\/\/narybke.pl\/wp-content\/uploads\/2022\/04\/DSC09780-1024x576.jpg 1024w, https:\/\/narybke.pl\/wp-content\/uploads\/2022\/04\/DSC09780-300x169.jpg 300w, https:\/\/narybke.pl\/wp-content\/uploads\/2022\/04\/DSC09780-768x432.jpg 768w, https:\/\/narybke.pl\/wp-content\/uploads\/2022\/04\/DSC09780-1536x864.jpg 1536w, https:\/\/narybke.pl\/wp-content\/uploads\/2022\/04\/DSC09780-2048x1152.jpg 2048w, https:\/\/narybke.pl\/wp-content\/uploads\/2022\/04\/DSC09780-1200x675.jpg 1200w, https:\/\/narybke.pl\/wp-content\/uploads\/2022\/04\/DSC09780-1980x1114.jpg 1980w\" sizes=\"(max-width: 1024px) 100vw, 1024px\" \/><\/a><figcaption class=\"wp-element-caption\"><strong>Promenada &#8211; Country Club 14-07-2010<\/strong><\/figcaption><\/figure>\n\n\n\n<figure class=\"wp-block-image size-large\"><a href=\"stary-mlyn-21-07-2010\"><img decoding=\"async\" loading=\"lazy\" width=\"1024\" height=\"576\" data-id=\"1977\" src=\"https:\/\/narybke.pl\/wp-content\/uploads\/2022\/04\/DSC09885-1024x576.jpg\" alt=\"\" class=\"wp-image-1977\" srcset=\"https:\/\/narybke.pl\/wp-content\/uploads\/2022\/04\/DSC09885-1024x576.jpg 1024w, https:\/\/narybke.pl\/wp-content\/uploads\/2022\/04\/DSC09885-300x169.jpg 300w, https:\/\/narybke.pl\/wp-content\/uploads\/2022\/04\/DSC09885-768x432.jpg 768w, https:\/\/narybke.pl\/wp-content\/uploads\/2022\/04\/DSC09885-1536x864.jpg 1536w, https:\/\/narybke.pl\/wp-content\/uploads\/2022\/04\/DSC09885-2048x1152.jpg 2048w, https:\/\/narybke.pl\/wp-content\/uploads\/2022\/04\/DSC09885-1200x675.jpg 1200w, https:\/\/narybke.pl\/wp-content\/uploads\/2022\/04\/DSC09885-1980x1114.jpg 1980w\" sizes=\"(max-width: 1024px) 100vw, 1024px\" \/><\/a><figcaption class=\"wp-element-caption\"><strong>Stary M\u0142yn 21-07-2010<\/strong><\/figcaption><\/figure>\n\n\n\n<figure class=\"wp-block-image size-large\"><a href=\"brama-ostrolecka-twierdza-modlin-04-08-2010\"><img decoding=\"async\" loading=\"lazy\" width=\"1024\" height=\"576\" data-id=\"2105\" src=\"https:\/\/narybke.pl\/wp-content\/uploads\/2022\/04\/DSC09998-1024x576.jpg\" alt=\"\" class=\"wp-image-2105\" srcset=\"https:\/\/narybke.pl\/wp-content\/uploads\/2022\/04\/DSC09998-1024x576.jpg 1024w, https:\/\/narybke.pl\/wp-content\/uploads\/2022\/04\/DSC09998-300x169.jpg 300w, https:\/\/narybke.pl\/wp-content\/uploads\/2022\/04\/DSC09998-768x432.jpg 768w, https:\/\/narybke.pl\/wp-content\/uploads\/2022\/04\/DSC09998-1536x864.jpg 1536w, https:\/\/narybke.pl\/wp-content\/uploads\/2022\/04\/DSC09998-2048x1152.jpg 2048w, https:\/\/narybke.pl\/wp-content\/uploads\/2022\/04\/DSC09998-1200x675.jpg 1200w, https:\/\/narybke.pl\/wp-content\/uploads\/2022\/04\/DSC09998-1980x1114.jpg 1980w\" sizes=\"(max-width: 1024px) 100vw, 1024px\" \/><\/a><figcaption class=\"wp-element-caption\"><strong>Brama Ostro\u0142\u0119cka &#8211; Twierdza Modlin 04-08-2010<\/strong><\/figcaption><\/figure>\n\n\n\n<figure class=\"wp-block-image size-large\"><a href=\"u-laury-i-krzyska-26-08-2010\"><img decoding=\"async\" loading=\"lazy\" width=\"640\" height=\"480\" data-id=\"4187\" src=\"https:\/\/narybke.pl\/wp-content\/uploads\/2022\/04\/1-198.jpg\" alt=\"\" class=\"wp-image-4187\" srcset=\"https:\/\/narybke.pl\/wp-content\/uploads\/2022\/04\/1-198.jpg 640w, https:\/\/narybke.pl\/wp-content\/uploads\/2022\/04\/1-198-600x450.jpg 600w\" sizes=\"(max-width: 640px) 100vw, 640px\" \/><\/a><figcaption class=\"wp-element-caption\"><strong>U Laury i Krzy\u015bka 25-08-2010<\/strong><\/figcaption><\/figure>\n\n\n\n<figure class=\"wp-block-image size-large\"><a href=\"piecki-4-5-09-2010\"><img decoding=\"async\" loading=\"lazy\" width=\"1024\" height=\"768\" data-id=\"4492\" src=\"https:\/\/narybke.pl\/wp-content\/uploads\/2022\/04\/0-371-1-1024x768.jpg\" alt=\"\" class=\"wp-image-4492\" srcset=\"https:\/\/narybke.pl\/wp-content\/uploads\/2022\/04\/0-371-1-1024x768.jpg 1024w, https:\/\/narybke.pl\/wp-content\/uploads\/2022\/04\/0-371-1-600x450.jpg 600w, https:\/\/narybke.pl\/wp-content\/uploads\/2022\/04\/0-371-1-768x576.jpg 768w, https:\/\/narybke.pl\/wp-content\/uploads\/2022\/04\/0-371-1-1536x1152.jpg 1536w, https:\/\/narybke.pl\/wp-content\/uploads\/2022\/04\/0-371-1-2048x1536.jpg 2048w\" sizes=\"(max-width: 1024px) 100vw, 1024px\" \/><\/a><figcaption class=\"wp-element-caption\"><strong>Piecki 4-5-09-2010<\/strong><\/figcaption><\/figure>\n\n\n\n<figure class=\"wp-block-image size-large\"><a href=\"zegrze-zelazowa-wola-10-10-2010\"><img decoding=\"async\" loading=\"lazy\" width=\"1024\" height=\"576\" data-id=\"2144\" src=\"https:\/\/narybke.pl\/wp-content\/uploads\/2022\/04\/DSC01883-1024x576.jpg\" alt=\"\" class=\"wp-image-2144\" srcset=\"https:\/\/narybke.pl\/wp-content\/uploads\/2022\/04\/DSC01883-1024x576.jpg 1024w, https:\/\/narybke.pl\/wp-content\/uploads\/2022\/04\/DSC01883-300x169.jpg 300w, https:\/\/narybke.pl\/wp-content\/uploads\/2022\/04\/DSC01883-768x432.jpg 768w, https:\/\/narybke.pl\/wp-content\/uploads\/2022\/04\/DSC01883-1536x864.jpg 1536w, https:\/\/narybke.pl\/wp-content\/uploads\/2022\/04\/DSC01883-2048x1152.jpg 2048w, https:\/\/narybke.pl\/wp-content\/uploads\/2022\/04\/DSC01883-1200x675.jpg 1200w, https:\/\/narybke.pl\/wp-content\/uploads\/2022\/04\/DSC01883-1980x1114.jpg 1980w\" sizes=\"(max-width: 1024px) 100vw, 1024px\" \/><\/a><figcaption class=\"wp-element-caption\"><strong>Zegrze, \u017belazowa Wola 10-10-2010<\/strong><\/figcaption><\/figure>\n<\/figure>\n","protected":false},"excerpt":{"rendered":"","protected":false},"author":1,"featured_media":0,"parent":1021,"menu_order":0,"comment_status":"closed","ping_status":"closed","template":"","meta":{"footnotes":""},"_links":{"self":[{"href":"https:\/\/narybke.pl\/index.php\/wp-json\/wp\/v2\/pages\/1787"}],"collection":[{"href":"https:\/\/narybke.pl\/index.php\/wp-json\/wp\/v2\/pages"}],"about":[{"href":"https:\/\/narybke.pl\/index.php\/wp-json\/wp\/v2\/types\/page"}],"author":[{"embeddable":true,"href":"https:\/\/narybke.pl\/index.php\/wp-json\/wp\/v2\/users\/1"}],"replies":[{"embeddable":true,"href":"https:\/\/narybke.pl\/index.php\/wp-json\/wp\/v2\/comments?post=1787"}],"version-history":[{"count":3,"href":"https:\/\/narybke.pl\/index.php\/wp-json\/wp\/v2\/pages\/1787\/revisions"}],"predecessor-version":[{"id":11405,"href":"https:\/\/narybke.pl\/index.php\/wp-json\/wp\/v2\/pages\/1787\/revisions\/11405"}],"up":[{"embeddable":true,"href":"https:\/\/narybke.pl\/index.php\/wp-json\/wp\/v2\/pages\/1021"}],"wp:attachment":[{"href":"https:\/\/narybke.pl\/index.php\/wp-json\/wp\/v2\/media?parent=1787"}],"curies":[{"name":"wp","href":"https:\/\/api.w.org\/{rel}","templated":true}]}}