{"id":19,"date":"2021-04-04T10:00:21","date_gmt":"2021-04-04T08:00:21","guid":{"rendered":"http:\/\/narybke.eu\/?page_id=19"},"modified":"2023-01-31T17:03:50","modified_gmt":"2023-01-31T16:03:50","slug":"o-nas","status":"publish","type":"page","link":"https:\/\/narybke.pl\/index.php\/na-rybke\/o-nas\/","title":{"rendered":"O nas"},"content":{"rendered":"\n<p>Pierwszy wypad &#8220;<strong>na rybk\u0119 ??<\/strong>&#8221; odby\u0142 si\u0119 <strong>11 czerwca 2008r.<\/strong> i dla niekt\u00f3rych ta przygoda, cho\u0107 mo\u017ce ju\u017c nie tak cz\u0119sto i w nie tak licznym gronie, ale trwa do dzi\u015b. Jak do tego dosz\u0142o mo\u017cecie przeczyta\u0107 <a rel=\"noreferrer noopener\" href=\"https:\/\/forum.motocyklistow.pl\/topic\/99329-na-rybk%C4%99\/#comments\" target=\"_blank\"><strong>tutaj<\/strong><\/a> \ud83d\ude42<\/p>\n\n\n\n<p>Mo\u017ce kto\u015b napisze jakie\u015b fajne wypracowanie o nas w <a href=\"https:\/\/narybke.pl\/index.php\/na-rybke\/kontakt\/\"><strong>formularzu<\/strong><\/a> lub <a href=\"mailto:tkaczyk_pawel@o2.pl\"><strong>na maila<\/strong><\/a> to ja to ew. wrzuc\u0119 w opis, ja to raczej techniczny jestem.<\/p>\n","protected":false},"excerpt":{"rendered":"<p>Pierwszy wypad &#8220;na rybk\u0119 ??&#8221; odby\u0142 si\u0119 11 czerwca 2008r. i dla niekt\u00f3rych ta przygoda, cho\u0107 mo\u017ce ju\u017c nie tak cz\u0119sto i w nie tak licznym gronie, ale trwa do dzi\u015b. Jak do tego dosz\u0142o mo\u017cecie przeczyta\u0107 tutaj \ud83d\ude42 Mo\u017ce kto\u015b napisze jakie\u015b fajne wypracowanie o nas w formularzu lub na maila to ja to ew. wrzuc\u0119 w opis, ja to raczej techniczny jestem.<\/p>\n","protected":false},"author":1,"featured_media":0,"parent":2,"menu_order":0,"comment_status":"closed","ping_status":"closed","template":"","meta":{"footnotes":""},"_links":{"self":[{"href":"https:\/\/narybke.pl\/index.php\/wp-json\/wp\/v2\/pages\/19"}],"collection":[{"href":"https:\/\/narybke.pl\/index.php\/wp-json\/wp\/v2\/pages"}],"about":[{"href":"https:\/\/narybke.pl\/index.php\/wp-json\/wp\/v2\/types\/page"}],"author":[{"embeddable":true,"href":"https:\/\/narybke.pl\/index.php\/wp-json\/wp\/v2\/users\/1"}],"replies":[{"embeddable":true,"href":"https:\/\/narybke.pl\/index.php\/wp-json\/wp\/v2\/comments?post=19"}],"version-history":[{"count":0,"href":"https:\/\/narybke.pl\/index.php\/wp-json\/wp\/v2\/pages\/19\/revisions"}],"up":[{"embeddable":true,"href":"https:\/\/narybke.pl\/index.php\/wp-json\/wp\/v2\/pages\/2"}],"wp:attachment":[{"href":"https:\/\/narybke.pl\/index.php\/wp-json\/wp\/v2\/media?parent=19"}],"curies":[{"name":"wp","href":"https:\/\/api.w.org\/{rel}","templated":true}]}}