{"id":7042,"date":"2022-05-28T10:39:09","date_gmt":"2022-05-28T08:39:09","guid":{"rendered":"https:\/\/narybke.pl\/?page_id=7042"},"modified":"2023-05-08T17:16:17","modified_gmt":"2023-05-08T15:16:17","slug":"na-rybke-2012","status":"publish","type":"page","link":"https:\/\/narybke.pl\/index.php\/na-rybke\/galeria\/na-rybke-2012\/","title":{"rendered":"Na rybk\u0119?? 2012"},"content":{"rendered":"\n<figure class=\"wp-block-gallery aligncenter has-nested-images columns-4 is-cropped wp-block-gallery-1 is-layout-flex wp-block-gallery-is-layout-flex\">\n<figure class=\"wp-block-image size-large\"><a href=\"2kola-28-03-2012\"><img decoding=\"async\" loading=\"lazy\" width=\"532\" height=\"399\" data-id=\"7457\" src=\"https:\/\/narybke.pl\/wp-content\/uploads\/2022\/05\/DSC_2151-edited.jpg\" alt=\"\" class=\"wp-image-7457\"\/><\/a><figcaption class=\"wp-element-caption\"><strong>2KO\u0141A 28-03-2012<\/strong><\/figcaption><\/figure>\n\n\n\n<figure class=\"wp-block-image size-large\"><a href=\"szanta-cafe-17-04-2012\"><img decoding=\"async\" loading=\"lazy\" width=\"876\" height=\"493\" data-id=\"7278\" src=\"https:\/\/narybke.pl\/wp-content\/uploads\/2022\/05\/P1020202-edited.jpg\" alt=\"\" class=\"wp-image-7278\" srcset=\"https:\/\/narybke.pl\/wp-content\/uploads\/2022\/05\/P1020202-edited.jpg 876w, https:\/\/narybke.pl\/wp-content\/uploads\/2022\/05\/P1020202-edited-600x338.jpg 600w, https:\/\/narybke.pl\/wp-content\/uploads\/2022\/05\/P1020202-edited-768x432.jpg 768w\" sizes=\"(max-width: 876px) 100vw, 876px\" \/><\/a><figcaption class=\"wp-element-caption\"><strong>Szanta Cafe 17-04-2012<\/strong><\/figcaption><\/figure>\n\n\n\n<figure class=\"wp-block-image size-large\"><a href=\"ranczo-bena-09-05-2012\"><img decoding=\"async\" loading=\"lazy\" width=\"478\" height=\"269\" data-id=\"7191\" src=\"https:\/\/narybke.pl\/wp-content\/uploads\/2022\/05\/IMAG0653-edited-1.jpg\" alt=\"\" class=\"wp-image-7191\"\/><\/a><figcaption class=\"wp-element-caption\"><strong>Ranczo Bena 09-05-2012<\/strong><\/figcaption><\/figure>\n\n\n\n<figure class=\"wp-block-image size-large\"><a href=\"wsciekle-losie-11-12-05-2012\"><img decoding=\"async\" loading=\"lazy\" width=\"1024\" height=\"576\" data-id=\"7703\" src=\"https:\/\/narybke.pl\/wp-content\/uploads\/2022\/05\/DSC_2963-edited-1024x576.jpg\" alt=\"\" class=\"wp-image-7703\" srcset=\"https:\/\/narybke.pl\/wp-content\/uploads\/2022\/05\/DSC_2963-edited-1024x576.jpg 1024w, https:\/\/narybke.pl\/wp-content\/uploads\/2022\/05\/DSC_2963-edited-600x338.jpg 600w, https:\/\/narybke.pl\/wp-content\/uploads\/2022\/05\/DSC_2963-edited-768x432.jpg 768w, https:\/\/narybke.pl\/wp-content\/uploads\/2022\/05\/DSC_2963-edited-1536x864.jpg 1536w, https:\/\/narybke.pl\/wp-content\/uploads\/2022\/05\/DSC_2963-edited.jpg 1944w\" sizes=\"(max-width: 1024px) 100vw, 1024px\" \/><\/a><figcaption class=\"wp-element-caption\"><strong>W\u015bciek\u0142e \u0141osie 11-12-05-2012<\/strong><\/figcaption><\/figure>\n\n\n\n<figure class=\"wp-block-image size-large\"><a href=\"farma-krzyczki-23-05-2012\"><img decoding=\"async\" loading=\"lazy\" width=\"800\" height=\"478\" data-id=\"7357\" src=\"https:\/\/narybke.pl\/wp-content\/uploads\/2022\/05\/IMAG0702.jpg\" alt=\"\" class=\"wp-image-7357\" srcset=\"https:\/\/narybke.pl\/wp-content\/uploads\/2022\/05\/IMAG0702.jpg 800w, https:\/\/narybke.pl\/wp-content\/uploads\/2022\/05\/IMAG0702-600x359.jpg 600w, https:\/\/narybke.pl\/wp-content\/uploads\/2022\/05\/IMAG0702-768x459.jpg 768w\" sizes=\"(max-width: 800px) 100vw, 800px\" \/><\/a><figcaption class=\"wp-element-caption\"><strong>Farma Krzyczki 23-05-2012<\/strong><\/figcaption><\/figure>\n\n\n\n<figure class=\"wp-block-image size-large\"><a href=\"ognisko-nad-narwia-26-27-05-2012\"><img decoding=\"async\" loading=\"lazy\" width=\"800\" height=\"532\" data-id=\"7625\" src=\"https:\/\/narybke.pl\/wp-content\/uploads\/2022\/05\/DSC_3078.jpg\" alt=\"\" class=\"wp-image-7625\" srcset=\"https:\/\/narybke.pl\/wp-content\/uploads\/2022\/05\/DSC_3078.jpg 800w, https:\/\/narybke.pl\/wp-content\/uploads\/2022\/05\/DSC_3078-600x399.jpg 600w, https:\/\/narybke.pl\/wp-content\/uploads\/2022\/05\/DSC_3078-768x511.jpg 768w\" sizes=\"(max-width: 800px) 100vw, 800px\" \/><\/a><figcaption class=\"wp-element-caption\"><strong>Ognisko nad Narwi\u0105 26-27-05-2012<\/strong><\/figcaption><\/figure>\n\n\n\n<figure class=\"wp-block-image size-large\"><a href=\"bar-nad-zalewem-30-05-2012\"><img decoding=\"async\" loading=\"lazy\" width=\"800\" height=\"504\" data-id=\"7557\" src=\"https:\/\/narybke.pl\/wp-content\/uploads\/2022\/05\/DSC_3194.jpg\" alt=\"\" class=\"wp-image-7557\" srcset=\"https:\/\/narybke.pl\/wp-content\/uploads\/2022\/05\/DSC_3194.jpg 800w, https:\/\/narybke.pl\/wp-content\/uploads\/2022\/05\/DSC_3194-600x378.jpg 600w, https:\/\/narybke.pl\/wp-content\/uploads\/2022\/05\/DSC_3194-768x484.jpg 768w\" sizes=\"(max-width: 800px) 100vw, 800px\" \/><\/a><figcaption class=\"wp-element-caption\"><strong>Bar nad Zalewem 30-05-2012<\/strong><\/figcaption><\/figure>\n\n\n\n<figure class=\"wp-block-image size-large\"><a href=\"bar-lesny-skrzeszew-i-zapora-w-debe-06-06-2012\"><img decoding=\"async\" loading=\"lazy\" width=\"1024\" height=\"576\" data-id=\"7918\" src=\"https:\/\/narybke.pl\/wp-content\/uploads\/2022\/05\/DSC09899-1024x576.jpg\" alt=\"\" class=\"wp-image-7918\" srcset=\"https:\/\/narybke.pl\/wp-content\/uploads\/2022\/05\/DSC09899-1024x576.jpg 1024w, https:\/\/narybke.pl\/wp-content\/uploads\/2022\/05\/DSC09899-600x338.jpg 600w, https:\/\/narybke.pl\/wp-content\/uploads\/2022\/05\/DSC09899-768x432.jpg 768w, https:\/\/narybke.pl\/wp-content\/uploads\/2022\/05\/DSC09899-1536x864.jpg 1536w, https:\/\/narybke.pl\/wp-content\/uploads\/2022\/05\/DSC09899-2048x1152.jpg 2048w\" sizes=\"(max-width: 1024px) 100vw, 1024px\" \/><\/a><figcaption class=\"wp-element-caption\"><strong>Bar Le\u015bny-Skrzeszew i zapora w D\u0119be 06-06-2012<\/strong><\/figcaption><\/figure>\n\n\n\n<figure class=\"wp-block-image size-large\"><a href=\"karczma-zowierucha-20-06-2012\"><img decoding=\"async\" loading=\"lazy\" width=\"1024\" height=\"680\" data-id=\"7252\" src=\"https:\/\/narybke.pl\/wp-content\/uploads\/2022\/05\/DSC_5038.jpg\" alt=\"\" class=\"wp-image-7252\" srcset=\"https:\/\/narybke.pl\/wp-content\/uploads\/2022\/05\/DSC_5038.jpg 1024w, https:\/\/narybke.pl\/wp-content\/uploads\/2022\/05\/DSC_5038-600x398.jpg 600w, https:\/\/narybke.pl\/wp-content\/uploads\/2022\/05\/DSC_5038-768x510.jpg 768w\" sizes=\"(max-width: 1024px) 100vw, 1024px\" \/><\/a><figcaption class=\"wp-element-caption\"><strong>Karczma Zowierucha 20-06-2012<\/strong><\/figcaption><\/figure>\n\n\n\n<figure class=\"wp-block-image size-large\"><a href=\"szynk-nad-kanalkiem-27-06-2012\"><img decoding=\"async\" loading=\"lazy\" width=\"800\" height=\"532\" data-id=\"7433\" src=\"https:\/\/narybke.pl\/wp-content\/uploads\/2022\/05\/DSC_5310.jpg\" alt=\"\" class=\"wp-image-7433\" srcset=\"https:\/\/narybke.pl\/wp-content\/uploads\/2022\/05\/DSC_5310.jpg 800w, https:\/\/narybke.pl\/wp-content\/uploads\/2022\/05\/DSC_5310-600x399.jpg 600w, https:\/\/narybke.pl\/wp-content\/uploads\/2022\/05\/DSC_5310-768x511.jpg 768w\" sizes=\"(max-width: 800px) 100vw, 800px\" \/><\/a><figcaption class=\"wp-element-caption\"><strong>Szynk nad kana\u0142kiem 27-06-2012<\/strong><\/figcaption><\/figure>\n\n\n\n<figure class=\"wp-block-image size-large\"><a href=\"stary-mlyn-18-07-2012\"><img decoding=\"async\" loading=\"lazy\" width=\"1024\" height=\"680\" data-id=\"7202\" src=\"https:\/\/narybke.pl\/wp-content\/uploads\/2022\/05\/DSC_6922-1024x680.jpg\" alt=\"\" class=\"wp-image-7202\" srcset=\"https:\/\/narybke.pl\/wp-content\/uploads\/2022\/05\/DSC_6922-1024x680.jpg 1024w, https:\/\/narybke.pl\/wp-content\/uploads\/2022\/05\/DSC_6922-600x399.jpg 600w, https:\/\/narybke.pl\/wp-content\/uploads\/2022\/05\/DSC_6922-768x510.jpg 768w, https:\/\/narybke.pl\/wp-content\/uploads\/2022\/05\/DSC_6922.jpg 1200w\" sizes=\"(max-width: 1024px) 100vw, 1024px\" \/><\/a><figcaption class=\"wp-element-caption\"><strong>Stary M\u0142yn 18-07-2012<\/strong><\/figcaption><\/figure>\n\n\n\n<figure class=\"wp-block-image size-large\"><a href=\"cafe-66-25-07-2012\"><img decoding=\"async\" loading=\"lazy\" width=\"800\" height=\"532\" data-id=\"7380\" src=\"https:\/\/narybke.pl\/wp-content\/uploads\/2022\/05\/DSC_7515.jpg\" alt=\"\" class=\"wp-image-7380\" srcset=\"https:\/\/narybke.pl\/wp-content\/uploads\/2022\/05\/DSC_7515.jpg 800w, https:\/\/narybke.pl\/wp-content\/uploads\/2022\/05\/DSC_7515-600x399.jpg 600w, https:\/\/narybke.pl\/wp-content\/uploads\/2022\/05\/DSC_7515-768x511.jpg 768w\" sizes=\"(max-width: 800px) 100vw, 800px\" \/><\/a><figcaption class=\"wp-element-caption\"><strong>Cafe 66 25-07-2012<\/strong><\/figcaption><\/figure>\n\n\n\n<figure class=\"wp-block-image size-large\"><a href=\"siwy-dym-01-08-2012\"><img decoding=\"async\" loading=\"lazy\" width=\"800\" height=\"451\" data-id=\"7192\" src=\"https:\/\/narybke.pl\/wp-content\/uploads\/2022\/05\/DSC_7663-edited.jpg\" alt=\"\" class=\"wp-image-7192\" srcset=\"https:\/\/narybke.pl\/wp-content\/uploads\/2022\/05\/DSC_7663-edited.jpg 800w, https:\/\/narybke.pl\/wp-content\/uploads\/2022\/05\/DSC_7663-edited-600x338.jpg 600w, https:\/\/narybke.pl\/wp-content\/uploads\/2022\/05\/DSC_7663-edited-768x433.jpg 768w\" sizes=\"(max-width: 800px) 100vw, 800px\" \/><\/a><figcaption class=\"wp-element-caption\"><strong>Siwy Dym 01-08-2012<\/strong><\/figcaption><\/figure>\n\n\n\n<figure class=\"wp-block-image size-large\"><a href=\"torwar-08-08-2012\"><img decoding=\"async\" loading=\"lazy\" width=\"1024\" height=\"680\" data-id=\"7096\" src=\"https:\/\/narybke.pl\/wp-content\/uploads\/2022\/05\/DSC_8016-1024x680.jpg\" alt=\"\" class=\"wp-image-7096\" srcset=\"https:\/\/narybke.pl\/wp-content\/uploads\/2022\/05\/DSC_8016-1024x680.jpg 1024w, https:\/\/narybke.pl\/wp-content\/uploads\/2022\/05\/DSC_8016-600x399.jpg 600w, https:\/\/narybke.pl\/wp-content\/uploads\/2022\/05\/DSC_8016-768x510.jpg 768w, https:\/\/narybke.pl\/wp-content\/uploads\/2022\/05\/DSC_8016.jpg 1200w\" sizes=\"(max-width: 1024px) 100vw, 1024px\" \/><\/a><figcaption class=\"wp-element-caption\"><strong>Torwar 08-08-2012<\/strong><\/figcaption><\/figure>\n\n\n\n<figure class=\"wp-block-image size-large\"><a href=\"gosciniec-kolomyja-22-08-2012\"><img decoding=\"async\" loading=\"lazy\" width=\"738\" height=\"415\" data-id=\"7348\" src=\"https:\/\/narybke.pl\/wp-content\/uploads\/2022\/05\/DSC_8531-edited.jpg\" alt=\"\" class=\"wp-image-7348\" srcset=\"https:\/\/narybke.pl\/wp-content\/uploads\/2022\/05\/DSC_8531-edited.jpg 738w, https:\/\/narybke.pl\/wp-content\/uploads\/2022\/05\/DSC_8531-edited-600x337.jpg 600w\" sizes=\"(max-width: 738px) 100vw, 738px\" \/><\/a><figcaption class=\"wp-element-caption\"><strong>Go\u015bciniec Ko\u0142omyja 22-08-2012<\/strong><\/figcaption><\/figure>\n\n\n\n<figure class=\"wp-block-image size-large\"><a href=\"szanta-cafe-29-08-2012\"><img decoding=\"async\" loading=\"lazy\" width=\"544\" height=\"306\" data-id=\"7526\" src=\"https:\/\/narybke.pl\/wp-content\/uploads\/2022\/05\/DSC_8826-edited.jpg\" alt=\"\" class=\"wp-image-7526\"\/><\/a><figcaption class=\"wp-element-caption\"><strong>Szanta Cafe 29-08-2012<\/strong><\/figcaption><\/figure>\n\n\n\n<figure class=\"wp-block-image size-large\"><a href=\"malinowy-bzyk-05-09-2012\"><img decoding=\"async\" loading=\"lazy\" width=\"1024\" height=\"891\" data-id=\"7029\" src=\"https:\/\/narybke.pl\/wp-content\/uploads\/2022\/05\/DSC_9013.1-scaled-e1653726834420-1024x891.jpg\" alt=\"\" class=\"wp-image-7029\" srcset=\"https:\/\/narybke.pl\/wp-content\/uploads\/2022\/05\/DSC_9013.1-scaled-e1653726834420-1024x891.jpg 1024w, https:\/\/narybke.pl\/wp-content\/uploads\/2022\/05\/DSC_9013.1-scaled-e1653726834420-600x522.jpg 600w, https:\/\/narybke.pl\/wp-content\/uploads\/2022\/05\/DSC_9013.1-scaled-e1653726834420-768x668.jpg 768w, https:\/\/narybke.pl\/wp-content\/uploads\/2022\/05\/DSC_9013.1-scaled-e1653726834420-1536x1336.jpg 1536w, https:\/\/narybke.pl\/wp-content\/uploads\/2022\/05\/DSC_9013.1-scaled-e1653726834420.jpg 1920w\" sizes=\"(max-width: 1024px) 100vw, 1024px\" \/><\/a><figcaption class=\"wp-element-caption\"><strong>Malinowy Bzyk 05-09-2012<\/strong><\/figcaption><\/figure>\n\n\n\n<figure class=\"wp-block-image size-large\"><a href=\"wiazowna-26-09-2012\"><img decoding=\"async\" loading=\"lazy\" width=\"800\" height=\"600\" data-id=\"8223\" src=\"https:\/\/narybke.pl\/wp-content\/uploads\/2022\/05\/IMG_9051.jpg\" alt=\"\" class=\"wp-image-8223\" srcset=\"https:\/\/narybke.pl\/wp-content\/uploads\/2022\/05\/IMG_9051.jpg 800w, https:\/\/narybke.pl\/wp-content\/uploads\/2022\/05\/IMG_9051-600x450.jpg 600w, https:\/\/narybke.pl\/wp-content\/uploads\/2022\/05\/IMG_9051-768x576.jpg 768w\" sizes=\"(max-width: 800px) 100vw, 800px\" \/><\/a><figcaption class=\"wp-element-caption\"><strong>Wi\u0105zowna 26-09-2012<\/strong><\/figcaption><\/figure>\n\n\n\n<figure class=\"wp-block-image size-large\"><a href=\"brama-ostrolecka---twierdza-modlin-03-10-2012\"><img decoding=\"async\" loading=\"lazy\" width=\"1024\" height=\"576\" data-id=\"8070\" src=\"https:\/\/narybke.pl\/wp-content\/uploads\/2022\/05\/DSC02998-1024x576.jpg\" alt=\"\" class=\"wp-image-8070\" srcset=\"https:\/\/narybke.pl\/wp-content\/uploads\/2022\/05\/DSC02998-1024x576.jpg 1024w, https:\/\/narybke.pl\/wp-content\/uploads\/2022\/05\/DSC02998-600x338.jpg 600w, https:\/\/narybke.pl\/wp-content\/uploads\/2022\/05\/DSC02998-768x432.jpg 768w, https:\/\/narybke.pl\/wp-content\/uploads\/2022\/05\/DSC02998-1536x864.jpg 1536w, https:\/\/narybke.pl\/wp-content\/uploads\/2022\/05\/DSC02998-2048x1152.jpg 2048w\" sizes=\"(max-width: 1024px) 100vw, 1024px\" \/><\/a><figcaption class=\"wp-element-caption\"><strong>Brama Ostro\u0142\u0119cka &#8211; Twierdza Modlin 03-10-2012<\/strong><\/figcaption><\/figure>\n\n\n\n<figure class=\"wp-block-image size-large\"><a href=\"bar-karp-10-10-2012\"><img decoding=\"async\" loading=\"lazy\" width=\"800\" height=\"451\" data-id=\"7195\" src=\"https:\/\/narybke.pl\/wp-content\/uploads\/2022\/05\/DSC_1882-edited.jpg\" alt=\"\" class=\"wp-image-7195\" srcset=\"https:\/\/narybke.pl\/wp-content\/uploads\/2022\/05\/DSC_1882-edited.jpg 800w, https:\/\/narybke.pl\/wp-content\/uploads\/2022\/05\/DSC_1882-edited-600x338.jpg 600w, https:\/\/narybke.pl\/wp-content\/uploads\/2022\/05\/DSC_1882-edited-768x433.jpg 768w\" sizes=\"(max-width: 800px) 100vw, 800px\" \/><\/a><figcaption class=\"wp-element-caption\"><strong>Bar Karp 10-10-2012<\/strong><\/figcaption><\/figure>\n\n\n\n<figure class=\"wp-block-image size-large\"><a href=\"pultusk-04-11-2012\"><img decoding=\"async\" loading=\"lazy\" width=\"1024\" height=\"576\" data-id=\"8145\" src=\"https:\/\/narybke.pl\/wp-content\/uploads\/2022\/05\/DSC03623-1024x576.jpg\" alt=\"\" class=\"wp-image-8145\" srcset=\"https:\/\/narybke.pl\/wp-content\/uploads\/2022\/05\/DSC03623-1024x576.jpg 1024w, https:\/\/narybke.pl\/wp-content\/uploads\/2022\/05\/DSC03623-600x338.jpg 600w, https:\/\/narybke.pl\/wp-content\/uploads\/2022\/05\/DSC03623-768x432.jpg 768w, https:\/\/narybke.pl\/wp-content\/uploads\/2022\/05\/DSC03623-1536x864.jpg 1536w, https:\/\/narybke.pl\/wp-content\/uploads\/2022\/05\/DSC03623-2048x1152.jpg 2048w\" sizes=\"(max-width: 1024px) 100vw, 1024px\" \/><\/a><figcaption class=\"wp-element-caption\"><strong>Pu\u0142tusk 04-11-2012<\/strong><\/figcaption><\/figure>\n\n\n\n<figure class=\"wp-block-image size-large\"><a href=\"wigilia-w-cafe-66\"><img decoding=\"async\" loading=\"lazy\" width=\"900\" height=\"507\" data-id=\"7194\" src=\"https:\/\/narybke.pl\/wp-content\/uploads\/2022\/05\/P1010903-edited.jpg\" alt=\"\" class=\"wp-image-7194\" srcset=\"https:\/\/narybke.pl\/wp-content\/uploads\/2022\/05\/P1010903-edited.jpg 900w, https:\/\/narybke.pl\/wp-content\/uploads\/2022\/05\/P1010903-edited-600x338.jpg 600w, https:\/\/narybke.pl\/wp-content\/uploads\/2022\/05\/P1010903-edited-768x433.jpg 768w\" sizes=\"(max-width: 900px) 100vw, 900px\" \/><\/a><figcaption class=\"wp-element-caption\"><strong>Wigilia w Cafe 66 12-12-2012<\/strong><\/figcaption><\/figure>\n<\/figure>\n","protected":false},"excerpt":{"rendered":"","protected":false},"author":1,"featured_media":0,"parent":1021,"menu_order":0,"comment_status":"closed","ping_status":"closed","template":"","meta":{"footnotes":""},"_links":{"self":[{"href":"https:\/\/narybke.pl\/index.php\/wp-json\/wp\/v2\/pages\/7042"}],"collection":[{"href":"https:\/\/narybke.pl\/index.php\/wp-json\/wp\/v2\/pages"}],"about":[{"href":"https:\/\/narybke.pl\/index.php\/wp-json\/wp\/v2\/types\/page"}],"author":[{"embeddable":true,"href":"https:\/\/narybke.pl\/index.php\/wp-json\/wp\/v2\/users\/1"}],"replies":[{"embeddable":true,"href":"https:\/\/narybke.pl\/index.php\/wp-json\/wp\/v2\/comments?post=7042"}],"version-history":[{"count":1,"href":"https:\/\/narybke.pl\/index.php\/wp-json\/wp\/v2\/pages\/7042\/revisions"}],"predecessor-version":[{"id":11420,"href":"https:\/\/narybke.pl\/index.php\/wp-json\/wp\/v2\/pages\/7042\/revisions\/11420"}],"up":[{"embeddable":true,"href":"https:\/\/narybke.pl\/index.php\/wp-json\/wp\/v2\/pages\/1021"}],"wp:attachment":[{"href":"https:\/\/narybke.pl\/index.php\/wp-json\/wp\/v2\/media?parent=7042"}],"curies":[{"name":"wp","href":"https:\/\/api.w.org\/{rel}","templated":true}]}}