{"id":8273,"date":"2022-05-31T02:13:01","date_gmt":"2022-05-31T00:13:01","guid":{"rendered":"https:\/\/narybke.pl\/?page_id=8273"},"modified":"2023-05-08T17:34:10","modified_gmt":"2023-05-08T15:34:10","slug":"na-rybke-2013","status":"publish","type":"page","link":"https:\/\/narybke.pl\/index.php\/na-rybke\/galeria\/na-rybke-2013\/","title":{"rendered":"Na rybk\u0119?? 2013"},"content":{"rendered":"\n<figure class=\"wp-block-gallery aligncenter has-nested-images columns-4 is-cropped wp-block-gallery-1 is-layout-flex wp-block-gallery-is-layout-flex\">\n<figure class=\"wp-block-image size-large\"><a href=\"jajeczko-w-mecie-20-03-2013\"><img decoding=\"async\" loading=\"lazy\" width=\"860\" height=\"484\" data-id=\"8274\" src=\"https:\/\/narybke.pl\/wp-content\/uploads\/2022\/05\/P1020119-edited.jpg\" alt=\"\" class=\"wp-image-8274\" srcset=\"https:\/\/narybke.pl\/wp-content\/uploads\/2022\/05\/P1020119-edited.jpg 860w, https:\/\/narybke.pl\/wp-content\/uploads\/2022\/05\/P1020119-edited-600x338.jpg 600w, https:\/\/narybke.pl\/wp-content\/uploads\/2022\/05\/P1020119-edited-768x432.jpg 768w\" sizes=\"(max-width: 860px) 100vw, 860px\" \/><\/a><figcaption class=\"wp-element-caption\"><strong>Jajeczko w Mecie 20-03-2013<\/strong><\/figcaption><\/figure>\n\n\n\n<figure class=\"wp-block-image size-large\"><a href=\"szanta-cafe-17-04-2013\"><img decoding=\"async\" loading=\"lazy\" width=\"1024\" height=\"576\" data-id=\"8341\" src=\"https:\/\/narybke.pl\/wp-content\/uploads\/2022\/05\/DSC05410-1024x576.jpg\" alt=\"\" class=\"wp-image-8341\" srcset=\"https:\/\/narybke.pl\/wp-content\/uploads\/2022\/05\/DSC05410-1024x576.jpg 1024w, https:\/\/narybke.pl\/wp-content\/uploads\/2022\/05\/DSC05410-600x338.jpg 600w, https:\/\/narybke.pl\/wp-content\/uploads\/2022\/05\/DSC05410-768x432.jpg 768w, https:\/\/narybke.pl\/wp-content\/uploads\/2022\/05\/DSC05410-1536x864.jpg 1536w, https:\/\/narybke.pl\/wp-content\/uploads\/2022\/05\/DSC05410-2048x1152.jpg 2048w\" sizes=\"(max-width: 1024px) 100vw, 1024px\" \/><\/a><figcaption class=\"wp-element-caption\"><strong>Szanta Cafe 17-04-2013<\/strong><\/figcaption><\/figure>\n\n\n\n<figure class=\"wp-block-image size-large\"><a href=\"restauracja-zuravina-24-04-2013\"><img decoding=\"async\" loading=\"lazy\" width=\"1024\" height=\"680\" data-id=\"8455\" src=\"https:\/\/narybke.pl\/wp-content\/uploads\/2022\/05\/DSC_0027-1-1024x680.jpg\" alt=\"\" class=\"wp-image-8455\" srcset=\"https:\/\/narybke.pl\/wp-content\/uploads\/2022\/05\/DSC_0027-1-1024x680.jpg 1024w, https:\/\/narybke.pl\/wp-content\/uploads\/2022\/05\/DSC_0027-1-600x399.jpg 600w, https:\/\/narybke.pl\/wp-content\/uploads\/2022\/05\/DSC_0027-1-768x510.jpg 768w, https:\/\/narybke.pl\/wp-content\/uploads\/2022\/05\/DSC_0027-1-1536x1020.jpg 1536w, https:\/\/narybke.pl\/wp-content\/uploads\/2022\/05\/DSC_0027-1-2048x1360.jpg 2048w\" sizes=\"(max-width: 1024px) 100vw, 1024px\" \/><\/a><figcaption class=\"wp-element-caption\"><strong>Restauracja \u017buraVina i STO lat dla AdBara 24-04-2013<\/strong><\/figcaption><\/figure>\n\n\n\n<figure class=\"wp-block-image size-large\"><a href=\"swieto-pracy-lowisko-01-05-2013\"><img decoding=\"async\" loading=\"lazy\" width=\"1024\" height=\"680\" data-id=\"8497\" src=\"https:\/\/narybke.pl\/wp-content\/uploads\/2022\/05\/DSC_0087-1-1024x680.jpg\" alt=\"\" class=\"wp-image-8497\" srcset=\"https:\/\/narybke.pl\/wp-content\/uploads\/2022\/05\/DSC_0087-1-1024x680.jpg 1024w, https:\/\/narybke.pl\/wp-content\/uploads\/2022\/05\/DSC_0087-1-600x399.jpg 600w, https:\/\/narybke.pl\/wp-content\/uploads\/2022\/05\/DSC_0087-1-768x510.jpg 768w, https:\/\/narybke.pl\/wp-content\/uploads\/2022\/05\/DSC_0087-1-1536x1020.jpg 1536w, https:\/\/narybke.pl\/wp-content\/uploads\/2022\/05\/DSC_0087-1-2048x1360.jpg 2048w\" sizes=\"(max-width: 1024px) 100vw, 1024px\" \/><\/a><figcaption class=\"wp-element-caption\"><strong>\u015awi\u0119to pracy &#8211; \u0141owisko 01-05-2013<\/strong><\/figcaption><\/figure>\n\n\n\n<figure class=\"wp-block-image size-large\"><a href=\"ranczo-bena-08-05-2013\"><img decoding=\"async\" loading=\"lazy\" width=\"1024\" height=\"683\" data-id=\"8639\" src=\"https:\/\/narybke.pl\/wp-content\/uploads\/2022\/05\/P1020325-1024x683.jpg\" alt=\"\" class=\"wp-image-8639\" srcset=\"https:\/\/narybke.pl\/wp-content\/uploads\/2022\/05\/P1020325-1024x683.jpg 1024w, https:\/\/narybke.pl\/wp-content\/uploads\/2022\/05\/P1020325-600x400.jpg 600w, https:\/\/narybke.pl\/wp-content\/uploads\/2022\/05\/P1020325-768x512.jpg 768w, https:\/\/narybke.pl\/wp-content\/uploads\/2022\/05\/P1020325.jpg 1200w\" sizes=\"(max-width: 1024px) 100vw, 1024px\" \/><\/a><figcaption class=\"wp-element-caption\"><strong>Ranczo Bena 08-05-2013<\/strong><\/figcaption><\/figure>\n\n\n\n<figure class=\"wp-block-image size-large\"><a href=\"wsciekle-losie-11-05-2013\"><img decoding=\"async\" loading=\"lazy\" width=\"1024\" height=\"680\" data-id=\"8654\" src=\"https:\/\/narybke.pl\/wp-content\/uploads\/2022\/06\/DSC_0396-1024x680.jpg\" alt=\"\" class=\"wp-image-8654\" srcset=\"https:\/\/narybke.pl\/wp-content\/uploads\/2022\/06\/DSC_0396-1024x680.jpg 1024w, https:\/\/narybke.pl\/wp-content\/uploads\/2022\/06\/DSC_0396-600x399.jpg 600w, https:\/\/narybke.pl\/wp-content\/uploads\/2022\/06\/DSC_0396-768x510.jpg 768w, https:\/\/narybke.pl\/wp-content\/uploads\/2022\/06\/DSC_0396-1536x1020.jpg 1536w, https:\/\/narybke.pl\/wp-content\/uploads\/2022\/06\/DSC_0396-2048x1360.jpg 2048w\" sizes=\"(max-width: 1024px) 100vw, 1024px\" \/><\/a><figcaption class=\"wp-element-caption\"><strong>W\u015bciek\u0142e \u0141osie 11-05-2013<\/strong><\/figcaption><\/figure>\n\n\n\n<figure class=\"wp-block-image size-large\"><a href=\"brama-ostrolecka-15-05-2013\"><img decoding=\"async\" loading=\"lazy\" width=\"1024\" height=\"576\" data-id=\"8712\" src=\"https:\/\/narybke.pl\/wp-content\/uploads\/2022\/06\/DSC05765-1024x576.jpg\" alt=\"\" class=\"wp-image-8712\" srcset=\"https:\/\/narybke.pl\/wp-content\/uploads\/2022\/06\/DSC05765-1024x576.jpg 1024w, https:\/\/narybke.pl\/wp-content\/uploads\/2022\/06\/DSC05765-600x338.jpg 600w, https:\/\/narybke.pl\/wp-content\/uploads\/2022\/06\/DSC05765-768x432.jpg 768w, https:\/\/narybke.pl\/wp-content\/uploads\/2022\/06\/DSC05765-1536x864.jpg 1536w, https:\/\/narybke.pl\/wp-content\/uploads\/2022\/06\/DSC05765-2048x1152.jpg 2048w\" sizes=\"(max-width: 1024px) 100vw, 1024px\" \/><\/a><figcaption class=\"wp-element-caption\"><strong>Brama Ostro\u0142\u0119cka 15-05-2013<\/strong><\/figcaption><\/figure>\n\n\n\n<figure class=\"wp-block-image size-large\"><a href=\"restauracja-chlopska-zemsta-29-05-2013\"><img decoding=\"async\" loading=\"lazy\" width=\"1024\" height=\"680\" data-id=\"8833\" src=\"https:\/\/narybke.pl\/wp-content\/uploads\/2022\/06\/DSC_0551-1024x680.jpg\" alt=\"\" class=\"wp-image-8833\" srcset=\"https:\/\/narybke.pl\/wp-content\/uploads\/2022\/06\/DSC_0551-1024x680.jpg 1024w, https:\/\/narybke.pl\/wp-content\/uploads\/2022\/06\/DSC_0551-600x399.jpg 600w, https:\/\/narybke.pl\/wp-content\/uploads\/2022\/06\/DSC_0551-768x510.jpg 768w, https:\/\/narybke.pl\/wp-content\/uploads\/2022\/06\/DSC_0551-1536x1020.jpg 1536w, https:\/\/narybke.pl\/wp-content\/uploads\/2022\/06\/DSC_0551-2048x1360.jpg 2048w\" sizes=\"(max-width: 1024px) 100vw, 1024px\" \/><\/a><figcaption class=\"wp-element-caption\"><strong>Restauracja Ch\u0142opska Zemsta 29-05-2013<\/strong><\/figcaption><\/figure>\n\n\n\n<figure class=\"wp-block-image size-large\"><a href=\"bar-lesny-05-06-2013\"><img decoding=\"async\" loading=\"lazy\" width=\"1024\" height=\"768\" data-id=\"8845\" src=\"https:\/\/narybke.pl\/wp-content\/uploads\/2022\/06\/DSC02137-1024x768.jpg\" alt=\"\" class=\"wp-image-8845\" srcset=\"https:\/\/narybke.pl\/wp-content\/uploads\/2022\/06\/DSC02137-1024x768.jpg 1024w, https:\/\/narybke.pl\/wp-content\/uploads\/2022\/06\/DSC02137-600x450.jpg 600w, https:\/\/narybke.pl\/wp-content\/uploads\/2022\/06\/DSC02137-768x576.jpg 768w, https:\/\/narybke.pl\/wp-content\/uploads\/2022\/06\/DSC02137-1536x1152.jpg 1536w, https:\/\/narybke.pl\/wp-content\/uploads\/2022\/06\/DSC02137-2048x1536.jpg 2048w\" sizes=\"(max-width: 1024px) 100vw, 1024px\" \/><\/a><figcaption class=\"wp-element-caption\"><strong>Bar Le\u015bny 05-06-2013<\/strong><\/figcaption><\/figure>\n\n\n\n<figure class=\"wp-block-image size-large\"><a href=\"wielka-lipa-03-07-2013\"><img decoding=\"async\" loading=\"lazy\" width=\"1024\" height=\"768\" data-id=\"8878\" src=\"https:\/\/narybke.pl\/wp-content\/uploads\/2022\/06\/P1000481-1024x768.jpg\" alt=\"\" class=\"wp-image-8878\" srcset=\"https:\/\/narybke.pl\/wp-content\/uploads\/2022\/06\/P1000481-1024x768.jpg 1024w, https:\/\/narybke.pl\/wp-content\/uploads\/2022\/06\/P1000481-600x450.jpg 600w, https:\/\/narybke.pl\/wp-content\/uploads\/2022\/06\/P1000481-768x576.jpg 768w, https:\/\/narybke.pl\/wp-content\/uploads\/2022\/06\/P1000481-1536x1152.jpg 1536w, https:\/\/narybke.pl\/wp-content\/uploads\/2022\/06\/P1000481-2048x1536.jpg 2048w\" sizes=\"(max-width: 1024px) 100vw, 1024px\" \/><\/a><figcaption class=\"wp-element-caption\"><strong>Wielka Lipa 03-07-2013<\/strong><\/figcaption><\/figure>\n\n\n\n<figure class=\"wp-block-image size-large\"><a href=\"farma-krzyczki-10-07-2013\"><img decoding=\"async\" loading=\"lazy\" width=\"1024\" height=\"768\" data-id=\"8910\" src=\"https:\/\/narybke.pl\/wp-content\/uploads\/2022\/06\/P1000581-1024x768.jpg\" alt=\"\" class=\"wp-image-8910\" srcset=\"https:\/\/narybke.pl\/wp-content\/uploads\/2022\/06\/P1000581-1024x768.jpg 1024w, https:\/\/narybke.pl\/wp-content\/uploads\/2022\/06\/P1000581-600x450.jpg 600w, https:\/\/narybke.pl\/wp-content\/uploads\/2022\/06\/P1000581-768x576.jpg 768w, https:\/\/narybke.pl\/wp-content\/uploads\/2022\/06\/P1000581-1536x1152.jpg 1536w, https:\/\/narybke.pl\/wp-content\/uploads\/2022\/06\/P1000581-2048x1536.jpg 2048w\" sizes=\"(max-width: 1024px) 100vw, 1024px\" \/><\/a><figcaption class=\"wp-element-caption\"><strong>Farma Krzyczki 10-07-2013<\/strong><\/figcaption><\/figure>\n\n\n\n<figure class=\"wp-block-image size-large\"><a href=\"bar-nad-zalewem-17-07-2013\"><img decoding=\"async\" loading=\"lazy\" width=\"1024\" height=\"768\" data-id=\"9008\" src=\"https:\/\/narybke.pl\/wp-content\/uploads\/2022\/06\/P1000695-1024x768.jpg\" alt=\"\" class=\"wp-image-9008\" srcset=\"https:\/\/narybke.pl\/wp-content\/uploads\/2022\/06\/P1000695-1024x768.jpg 1024w, https:\/\/narybke.pl\/wp-content\/uploads\/2022\/06\/P1000695-600x450.jpg 600w, https:\/\/narybke.pl\/wp-content\/uploads\/2022\/06\/P1000695-768x576.jpg 768w, https:\/\/narybke.pl\/wp-content\/uploads\/2022\/06\/P1000695-1536x1152.jpg 1536w, https:\/\/narybke.pl\/wp-content\/uploads\/2022\/06\/P1000695-2048x1536.jpg 2048w\" sizes=\"(max-width: 1024px) 100vw, 1024px\" \/><\/a><figcaption class=\"wp-element-caption\"><strong>Bar Nad Zalewem 17-07-2013<\/strong><\/figcaption><\/figure>\n\n\n\n<figure class=\"wp-block-image size-large\"><a href=\"port-pilawa-24-07-2013\"><img decoding=\"async\" loading=\"lazy\" width=\"1024\" height=\"768\" data-id=\"9062\" src=\"https:\/\/narybke.pl\/wp-content\/uploads\/2022\/06\/P1000754-1024x768.jpg\" alt=\"\" class=\"wp-image-9062\" srcset=\"https:\/\/narybke.pl\/wp-content\/uploads\/2022\/06\/P1000754-1024x768.jpg 1024w, https:\/\/narybke.pl\/wp-content\/uploads\/2022\/06\/P1000754-600x450.jpg 600w, https:\/\/narybke.pl\/wp-content\/uploads\/2022\/06\/P1000754-768x576.jpg 768w, https:\/\/narybke.pl\/wp-content\/uploads\/2022\/06\/P1000754-1536x1152.jpg 1536w, https:\/\/narybke.pl\/wp-content\/uploads\/2022\/06\/P1000754-2048x1536.jpg 2048w\" sizes=\"(max-width: 1024px) 100vw, 1024px\" \/><\/a><figcaption class=\"wp-element-caption\"><strong>Port Pilawa 24-07-2013<\/strong><\/figcaption><\/figure>\n\n\n\n<figure class=\"wp-block-image size-large\"><a href=\"osrodek-allianz-07-08-2013\"><img decoding=\"async\" loading=\"lazy\" width=\"1024\" height=\"768\" data-id=\"9079\" src=\"https:\/\/narybke.pl\/wp-content\/uploads\/2022\/06\/P1000958-1024x768.jpg\" alt=\"\" class=\"wp-image-9079\" srcset=\"https:\/\/narybke.pl\/wp-content\/uploads\/2022\/06\/P1000958-1024x768.jpg 1024w, https:\/\/narybke.pl\/wp-content\/uploads\/2022\/06\/P1000958-600x450.jpg 600w, https:\/\/narybke.pl\/wp-content\/uploads\/2022\/06\/P1000958-768x576.jpg 768w, https:\/\/narybke.pl\/wp-content\/uploads\/2022\/06\/P1000958-1536x1152.jpg 1536w, https:\/\/narybke.pl\/wp-content\/uploads\/2022\/06\/P1000958-2048x1536.jpg 2048w\" sizes=\"(max-width: 1024px) 100vw, 1024px\" \/><\/a><figcaption class=\"wp-element-caption\"><strong>O\u015brodek Allianz 07-08-2013<\/strong><\/figcaption><\/figure>\n\n\n\n<figure class=\"wp-block-image size-large\"><a href=\"wesola-oberza-28-08-2013\"><img decoding=\"async\" loading=\"lazy\" width=\"1024\" height=\"768\" data-id=\"9124\" src=\"https:\/\/narybke.pl\/wp-content\/uploads\/2022\/06\/P1010171-1024x768.jpg\" alt=\"\" class=\"wp-image-9124\" srcset=\"https:\/\/narybke.pl\/wp-content\/uploads\/2022\/06\/P1010171-1024x768.jpg 1024w, https:\/\/narybke.pl\/wp-content\/uploads\/2022\/06\/P1010171-600x450.jpg 600w, https:\/\/narybke.pl\/wp-content\/uploads\/2022\/06\/P1010171-768x576.jpg 768w, https:\/\/narybke.pl\/wp-content\/uploads\/2022\/06\/P1010171-1536x1152.jpg 1536w, https:\/\/narybke.pl\/wp-content\/uploads\/2022\/06\/P1010171-2048x1536.jpg 2048w\" sizes=\"(max-width: 1024px) 100vw, 1024px\" \/><\/a><figcaption class=\"wp-element-caption\"><strong>Weso\u0142a Ober\u017ca 28-08-2013<\/strong><\/figcaption><\/figure>\n\n\n\n<figure class=\"wp-block-image size-large\"><a href=\"pepe-nero-04-09-2013\"><img decoding=\"async\" loading=\"lazy\" width=\"1024\" height=\"768\" data-id=\"9275\" src=\"https:\/\/narybke.pl\/wp-content\/uploads\/2022\/06\/P1010372-1024x768.jpg\" alt=\"\" class=\"wp-image-9275\" srcset=\"https:\/\/narybke.pl\/wp-content\/uploads\/2022\/06\/P1010372-1024x768.jpg 1024w, https:\/\/narybke.pl\/wp-content\/uploads\/2022\/06\/P1010372-600x450.jpg 600w, https:\/\/narybke.pl\/wp-content\/uploads\/2022\/06\/P1010372-768x576.jpg 768w, https:\/\/narybke.pl\/wp-content\/uploads\/2022\/06\/P1010372-1536x1152.jpg 1536w, https:\/\/narybke.pl\/wp-content\/uploads\/2022\/06\/P1010372-2048x1536.jpg 2048w\" sizes=\"(max-width: 1024px) 100vw, 1024px\" \/><\/a><figcaption class=\"wp-element-caption\"><strong>Pepe Nero 04-09-2013<\/strong><\/figcaption><\/figure>\n\n\n\n<figure class=\"wp-block-image size-large\"><a href=\"magnolia-25-09-2013\"><img decoding=\"async\" loading=\"lazy\" width=\"1024\" height=\"425\" data-id=\"9383\" src=\"https:\/\/narybke.pl\/wp-content\/uploads\/2022\/06\/2-1010467-1024x425.jpg\" alt=\"\" class=\"wp-image-9383\" srcset=\"https:\/\/narybke.pl\/wp-content\/uploads\/2022\/06\/2-1010467-1024x425.jpg 1024w, https:\/\/narybke.pl\/wp-content\/uploads\/2022\/06\/2-1010467-600x249.jpg 600w, https:\/\/narybke.pl\/wp-content\/uploads\/2022\/06\/2-1010467-768x319.jpg 768w, https:\/\/narybke.pl\/wp-content\/uploads\/2022\/06\/2-1010467-1536x637.jpg 1536w, https:\/\/narybke.pl\/wp-content\/uploads\/2022\/06\/2-1010467-2048x850.jpg 2048w\" sizes=\"(max-width: 1024px) 100vw, 1024px\" \/><\/a><figcaption class=\"wp-element-caption\"><strong>Magnolia 25-09-2013<\/strong><\/figcaption><\/figure>\n\n\n\n<figure class=\"wp-block-image size-large\"><a href=\"choppers-club-02-10-2013\"><img decoding=\"async\" loading=\"lazy\" width=\"1024\" height=\"601\" data-id=\"9403\" src=\"https:\/\/narybke.pl\/wp-content\/uploads\/2022\/06\/DSC0539.jpg\" alt=\"\" class=\"wp-image-9403\" srcset=\"https:\/\/narybke.pl\/wp-content\/uploads\/2022\/06\/DSC0539.jpg 1024w, https:\/\/narybke.pl\/wp-content\/uploads\/2022\/06\/DSC0539-600x352.jpg 600w, https:\/\/narybke.pl\/wp-content\/uploads\/2022\/06\/DSC0539-768x451.jpg 768w\" sizes=\"(max-width: 1024px) 100vw, 1024px\" \/><\/a><figcaption class=\"wp-element-caption\"><strong>Choppers Club 02-10-2013<\/strong><\/figcaption><\/figure>\n\n\n\n<figure class=\"wp-block-image size-large\"><a href=\"restauracja-carska-23-10-2013\"><img decoding=\"async\" loading=\"lazy\" width=\"1024\" height=\"768\" data-id=\"9415\" src=\"https:\/\/narybke.pl\/wp-content\/uploads\/2022\/06\/DSC_0029-1024x768.jpg\" alt=\"\" class=\"wp-image-9415\" srcset=\"https:\/\/narybke.pl\/wp-content\/uploads\/2022\/06\/DSC_0029-1024x768.jpg 1024w, https:\/\/narybke.pl\/wp-content\/uploads\/2022\/06\/DSC_0029-600x450.jpg 600w, https:\/\/narybke.pl\/wp-content\/uploads\/2022\/06\/DSC_0029-768x576.jpg 768w, https:\/\/narybke.pl\/wp-content\/uploads\/2022\/06\/DSC_0029-1536x1152.jpg 1536w, https:\/\/narybke.pl\/wp-content\/uploads\/2022\/06\/DSC_0029-2048x1536.jpg 2048w\" sizes=\"(max-width: 1024px) 100vw, 1024px\" \/><\/a><figcaption class=\"wp-element-caption\"><strong>Restauracja Carska 23-10-2013<\/strong><\/figcaption><\/figure>\n<\/figure>\n","protected":false},"excerpt":{"rendered":"","protected":false},"author":1,"featured_media":0,"parent":1021,"menu_order":0,"comment_status":"closed","ping_status":"closed","template":"","meta":{"footnotes":""},"_links":{"self":[{"href":"https:\/\/narybke.pl\/index.php\/wp-json\/wp\/v2\/pages\/8273"}],"collection":[{"href":"https:\/\/narybke.pl\/index.php\/wp-json\/wp\/v2\/pages"}],"about":[{"href":"https:\/\/narybke.pl\/index.php\/wp-json\/wp\/v2\/types\/page"}],"author":[{"embeddable":true,"href":"https:\/\/narybke.pl\/index.php\/wp-json\/wp\/v2\/users\/1"}],"replies":[{"embeddable":true,"href":"https:\/\/narybke.pl\/index.php\/wp-json\/wp\/v2\/comments?post=8273"}],"version-history":[{"count":2,"href":"https:\/\/narybke.pl\/index.php\/wp-json\/wp\/v2\/pages\/8273\/revisions"}],"predecessor-version":[{"id":11424,"href":"https:\/\/narybke.pl\/index.php\/wp-json\/wp\/v2\/pages\/8273\/revisions\/11424"}],"up":[{"embeddable":true,"href":"https:\/\/narybke.pl\/index.php\/wp-json\/wp\/v2\/pages\/1021"}],"wp:attachment":[{"href":"https:\/\/narybke.pl\/index.php\/wp-json\/wp\/v2\/media?parent=8273"}],"curies":[{"name":"wp","href":"https:\/\/api.w.org\/{rel}","templated":true}]}}